{"id":1007,"date":"2019-03-17T10:24:06","date_gmt":"2019-03-17T10:24:06","guid":{"rendered":"http:\/\/bosquesdecantabria.org\/wordpress\/?page_id=1007"},"modified":"2019-03-17T12:50:28","modified_gmt":"2019-03-17T12:50:28","slug":"venta-de-arboles-cantabria","status":"publish","type":"page","link":"https:\/\/bosquesdecantabria.org\/wordpress\/venta-de-arboles-cantabria\/","title":{"rendered":"VENTA DE \u00c1RBOLES"},"content":{"rendered":"\n<figure class=\"wp-block-image\"><img data-recalc-dims=\"1\" loading=\"lazy\" decoding=\"async\" width=\"980\" height=\"306\" src=\"https:\/\/i0.wp.com\/bosquesdecantabria.org\/wordpress\/wp-content\/uploads\/2019\/03\/COMPRAR-ARBOLES-CANTABRIA.jpg?resize=980%2C306&#038;ssl=1\" alt=\"\" class=\"wp-image-1112\" srcset=\"https:\/\/i0.wp.com\/bosquesdecantabria.org\/wordpress\/wp-content\/uploads\/2019\/03\/COMPRAR-ARBOLES-CANTABRIA.jpg?w=1024&amp;ssl=1 1024w, https:\/\/i0.wp.com\/bosquesdecantabria.org\/wordpress\/wp-content\/uploads\/2019\/03\/COMPRAR-ARBOLES-CANTABRIA.jpg?resize=300%2C94&amp;ssl=1 300w, https:\/\/i0.wp.com\/bosquesdecantabria.org\/wordpress\/wp-content\/uploads\/2019\/03\/COMPRAR-ARBOLES-CANTABRIA.jpg?resize=768%2C240&amp;ssl=1 768w, https:\/\/i0.wp.com\/bosquesdecantabria.org\/wordpress\/wp-content\/uploads\/2019\/03\/COMPRAR-ARBOLES-CANTABRIA.jpg?resize=980%2C306&amp;ssl=1 980w, https:\/\/i0.wp.com\/bosquesdecantabria.org\/wordpress\/wp-content\/uploads\/2019\/03\/COMPRAR-ARBOLES-CANTABRIA.jpg?resize=550%2C172&amp;ssl=1 550w\" sizes=\"auto, (max-width: 980px) 100vw, 980px\" \/><\/figure>\n\n\n\n<h2 class=\"wp-block-heading\"><em>&nbsp;<\/em>En Bosques de Cantabria queremos ofrecerte la posibilidad de que incorpores \u00e1rboles y arbustos aut\u00f3ctonos a tu jard\u00edn, aport\u00e1ndote nuestros \u00e1rboles y nuestros conocimientos para que elijas las especies adecuadas a tu espacio y preferencias. <\/h2>\n\n\n\n<div class=\"wp-block-image\"><figure class=\"aligncenter\"><img data-recalc-dims=\"1\" decoding=\"async\" src=\"https:\/\/i0.wp.com\/bosquesdecantabria.org\/wordpress\/wp-content\/uploads\/2014\/11\/barra-espaciadora-bosques-de-cantabria.png?w=980&#038;ssl=1\" alt=\"\"\/><\/figure><\/div>\n\n\n\n<h2 class=\"wp-block-heading\"><strong><a href=\"https:\/\/bosquesdecantabria.org\/wordpress\/por-que-especies-autoctonas\/\">POR QU\u00c9 ESPECIES AUT\u00d3CTONAS<\/a><\/strong><\/h2>\n\n\n\n<h2 class=\"wp-block-heading\"><strong><a href=\"https:\/\/bosquesdecantabria.org\/wordpress\/especies-autoctonas\/\">DE D\u00d3NDE PROVIENEN NUESTROS \u00c1RBOLES<\/a><\/strong><a href=\"https:\/\/www.dropbox.com\/s\/omtfukwcrcaitge\/Plan%20de%20sustituci%C3%B3n%20de%20eucaliptales.pdf?dl=0\"><\/a><\/h2>\n\n\n\n<h2 class=\"wp-block-heading\"><strong><a href=\"https:\/\/bosquesdecantabria.org\/wordpress\/como-elegir-especie-autoctona\/\">C\u00d3MO ELEGIR LA ESPECIE ADECUADA<\/a><\/strong><a href=\"https:\/\/www.dropbox.com\/s\/omtfukwcrcaitge\/Plan%20de%20sustituci%C3%B3n%20de%20eucaliptales.pdf?dl=0\"><\/a><\/h2>\n\n\n\n<h2 class=\"wp-block-heading\"><strong><a href=\"https:\/\/bosquesdecantabria.org\/wordpress\/comprar-arboles-en-cantabria\/\">5 MOTIVOS PARA ELEGIR NUESTROS \u00c1RBOLES<\/a><\/strong><a href=\"https:\/\/www.dropbox.com\/s\/omtfukwcrcaitge\/Plan%20de%20sustituci%C3%B3n%20de%20eucaliptales.pdf?dl=0\"><\/a><\/h2>\n\n\n\n<h2 class=\"wp-block-heading\"><strong><a href=\"https:\/\/bosquesdecantabria.org\/wordpress\/comprar-arboles-cantabria\/\">C\u00d3MO CONSEGUIR \u00c1RBOLES DE BOSQUES DE CANTABRIA<\/a><\/strong><\/h2>\n\n\n","protected":false},"excerpt":{"rendered":"<p>&nbsp;En Bosques de Cantabria queremos ofrecerte la posibilidad de que incorpores \u00e1rboles y arbustos aut\u00f3ctonos a tu jard\u00edn, aport\u00e1ndote nuestros \u00e1rboles y nuestros conocimientos para que elijas las especies adecuadas a tu espacio y preferencias. POR QU\u00c9 ESPECIES AUT\u00d3CTONAS DE&#8230;<\/p>\n","protected":false},"author":1,"featured_media":1025,"parent":0,"menu_order":0,"comment_status":"closed","ping_status":"closed","template":"template-fullwidth.php","meta":{"advanced_seo_description":"","jetpack_seo_html_title":"","jetpack_seo_noindex":false,"jetpack_post_was_ever_published":false,"footnotes":""},"class_list":["post-1007","page","type-page","status-publish","has-post-thumbnail","hentry"],"jetpack-related-posts":[],"jetpack_likes_enabled":true,"jetpack_sharing_enabled":true,"_links":{"self":[{"href":"https:\/\/bosquesdecantabria.org\/wordpress\/wp-json\/wp\/v2\/pages\/1007","targetHints":{"allow":["GET"]}}],"collection":[{"href":"https:\/\/bosquesdecantabria.org\/wordpress\/wp-json\/wp\/v2\/pages"}],"about":[{"href":"https:\/\/bosquesdecantabria.org\/wordpress\/wp-json\/wp\/v2\/types\/page"}],"author":[{"embeddable":true,"href":"https:\/\/bosquesdecantabria.org\/wordpress\/wp-json\/wp\/v2\/users\/1"}],"replies":[{"embeddable":true,"href":"https:\/\/bosquesdecantabria.org\/wordpress\/wp-json\/wp\/v2\/comments?post=1007"}],"version-history":[{"count":19,"href":"https:\/\/bosquesdecantabria.org\/wordpress\/wp-json\/wp\/v2\/pages\/1007\/revisions"}],"predecessor-version":[{"id":1113,"href":"https:\/\/bosquesdecantabria.org\/wordpress\/wp-json\/wp\/v2\/pages\/1007\/revisions\/1113"}],"wp:featuredmedia":[{"embeddable":true,"href":"https:\/\/bosquesdecantabria.org\/wordpress\/wp-json\/wp\/v2\/media\/1025"}],"wp:attachment":[{"href":"https:\/\/bosquesdecantabria.org\/wordpress\/wp-json\/wp\/v2\/media?parent=1007"}],"curies":[{"name":"wp","href":"https:\/\/api.w.org\/{rel}","templated":true}]}}