{"id":1032,"date":"2019-03-17T11:19:09","date_gmt":"2019-03-17T11:19:09","guid":{"rendered":"http:\/\/bosquesdecantabria.org\/wordpress\/?page_id=1032"},"modified":"2019-03-17T11:55:57","modified_gmt":"2019-03-17T11:55:57","slug":"por-que-especies-autoctonas","status":"publish","type":"page","link":"https:\/\/bosquesdecantabria.org\/wordpress\/por-que-especies-autoctonas\/","title":{"rendered":"POR QU\u00c9 ESPECIES AUT\u00d3CTONAS"},"content":{"rendered":"\n<figure class=\"wp-block-image\"><img data-recalc-dims=\"1\" loading=\"lazy\" decoding=\"async\" width=\"980\" height=\"306\" src=\"https:\/\/i0.wp.com\/bosquesdecantabria.org\/wordpress\/wp-content\/uploads\/2019\/03\/004-VENTA-DE-ARBOLES-AUTOCTONOS-CANTABRIA-BOSQUES-DE-CANTABRIA.jpg?resize=980%2C306&#038;ssl=1\" alt=\"\" class=\"wp-image-1027\" srcset=\"https:\/\/i0.wp.com\/bosquesdecantabria.org\/wordpress\/wp-content\/uploads\/2019\/03\/004-VENTA-DE-ARBOLES-AUTOCTONOS-CANTABRIA-BOSQUES-DE-CANTABRIA.jpg?w=1024&amp;ssl=1 1024w, https:\/\/i0.wp.com\/bosquesdecantabria.org\/wordpress\/wp-content\/uploads\/2019\/03\/004-VENTA-DE-ARBOLES-AUTOCTONOS-CANTABRIA-BOSQUES-DE-CANTABRIA.jpg?resize=300%2C94&amp;ssl=1 300w, https:\/\/i0.wp.com\/bosquesdecantabria.org\/wordpress\/wp-content\/uploads\/2019\/03\/004-VENTA-DE-ARBOLES-AUTOCTONOS-CANTABRIA-BOSQUES-DE-CANTABRIA.jpg?resize=768%2C240&amp;ssl=1 768w, https:\/\/i0.wp.com\/bosquesdecantabria.org\/wordpress\/wp-content\/uploads\/2019\/03\/004-VENTA-DE-ARBOLES-AUTOCTONOS-CANTABRIA-BOSQUES-DE-CANTABRIA.jpg?resize=980%2C306&amp;ssl=1 980w, https:\/\/i0.wp.com\/bosquesdecantabria.org\/wordpress\/wp-content\/uploads\/2019\/03\/004-VENTA-DE-ARBOLES-AUTOCTONOS-CANTABRIA-BOSQUES-DE-CANTABRIA.jpg?resize=550%2C172&amp;ssl=1 550w\" sizes=\"auto, (max-width: 980px) 100vw, 980px\" \/><\/figure>\n\n\n\n<p>Las especies forestales\naut\u00f3ctonas, contempladas fuera de los bosques, con frecuencia nos sorprenden\npor sus formas, texturas, colores, adaptaci\u00f3n, crecimiento\u2026 ofreci\u00e9ndonos un espect\u00e1culo\nde pura naturaleza en entornos \u201cdomesticados\u201d como son los jardines o, incluso,\nlas terrazas.&nbsp; Adem\u00e1s, muchos de los\n\u00e1rboles aut\u00f3ctonos est\u00e1n arraigados en nuestra historia y tradiciones, lo que\nles confiere un marcado valor simb\u00f3lico, del que carecen las especies for\u00e1neas.<\/p>\n\n\n\n<p>Las plantas que se desarrollan de\nforma natural en cada zona est\u00e1n perfectamente adaptadas al clima y suelo de\nese lugar, esto les aporta una serie de ventajas respecto al resto de las\nplantas introducidas, como su facilidad para arraigar o su resistencia a plagas\ny enfermedades.<\/p>\n\n\n\n<p>Por eso, en Bosques de Cantabria\napostamos por los jardines con plantas aut\u00f3ctonas que, adem\u00e1s, mejoran la\nbiodiversidad del entorno atrayendo a otros organismos, como aves o mariposas,\nque contribuyen al equilibrio del ecosistema.<\/p>\n\n\n\n<figure class=\"wp-block-image\"><img data-recalc-dims=\"1\" loading=\"lazy\" decoding=\"async\" width=\"980\" height=\"72\" src=\"https:\/\/i0.wp.com\/bosquesdecantabria.org\/wordpress\/wp-content\/uploads\/2014\/11\/barra-espaciadora-bosques-de-cantabria.png?resize=980%2C72&#038;ssl=1\" alt=\"\" class=\"wp-image-461\" srcset=\"https:\/\/i0.wp.com\/bosquesdecantabria.org\/wordpress\/wp-content\/uploads\/2014\/11\/barra-espaciadora-bosques-de-cantabria.png?w=1024&amp;ssl=1 1024w, https:\/\/i0.wp.com\/bosquesdecantabria.org\/wordpress\/wp-content\/uploads\/2014\/11\/barra-espaciadora-bosques-de-cantabria.png?resize=300%2C21&amp;ssl=1 300w, https:\/\/i0.wp.com\/bosquesdecantabria.org\/wordpress\/wp-content\/uploads\/2014\/11\/barra-espaciadora-bosques-de-cantabria.png?resize=980%2C71&amp;ssl=1 980w, https:\/\/i0.wp.com\/bosquesdecantabria.org\/wordpress\/wp-content\/uploads\/2014\/11\/barra-espaciadora-bosques-de-cantabria.png?resize=550%2C40&amp;ssl=1 550w\" sizes=\"auto, (max-width: 980px) 100vw, 980px\" \/><\/figure>\n\n\n\n<p><strong><a href=\"https:\/\/bosquesdecantabria.org\/wordpress\/especies-autoctonas\/\">DE D\u00d3NDE PROVIENEN NUESTROS \u00c1RBOLES<\/a><\/strong><\/p>\n\n\n\n<p><strong><a href=\"https:\/\/bosquesdecantabria.org\/wordpress\/como-elegir-especie-autoctona\/\">C\u00d3MO ELEGIR LA ESPECIE ADECUADA<\/a><\/strong><\/p>\n\n\n\n<p><strong><a href=\"https:\/\/bosquesdecantabria.org\/wordpress\/comprar-arboles-en-cantabria\/\">5 MOTIVOS POR LOS QUE ELEGIR NUESTROS \u00c1RBOLES<\/a><\/strong><\/p>\n\n\n\n<p><strong><a href=\"https:\/\/bosquesdecantabria.org\/wordpress\/comprar-arboles-cantabria\/\">C\u00d3MO CONSEGUIR \u00c1RBOLES DE BOSQUES DE CANTABRIA<\/a><\/strong><\/p>\n","protected":false},"excerpt":{"rendered":"<p>Las especies forestales aut\u00f3ctonas, contempladas fuera de los bosques, con frecuencia nos sorprenden por sus formas, texturas, colores, adaptaci\u00f3n, crecimiento\u2026 ofreci\u00e9ndonos un espect\u00e1culo de pura naturaleza en entornos \u201cdomesticados\u201d como son los jardines o, incluso, las terrazas.&nbsp; Adem\u00e1s, muchos de&#8230;<\/p>\n","protected":false},"author":1,"featured_media":0,"parent":0,"menu_order":0,"comment_status":"closed","ping_status":"closed","template":"template-fullwidth.php","meta":{"advanced_seo_description":"","jetpack_seo_html_title":"","jetpack_seo_noindex":false,"jetpack_post_was_ever_published":false,"footnotes":""},"class_list":["post-1032","page","type-page","status-publish","hentry"],"jetpack-related-posts":[],"jetpack_likes_enabled":true,"jetpack_sharing_enabled":true,"_links":{"self":[{"href":"https:\/\/bosquesdecantabria.org\/wordpress\/wp-json\/wp\/v2\/pages\/1032","targetHints":{"allow":["GET"]}}],"collection":[{"href":"https:\/\/bosquesdecantabria.org\/wordpress\/wp-json\/wp\/v2\/pages"}],"about":[{"href":"https:\/\/bosquesdecantabria.org\/wordpress\/wp-json\/wp\/v2\/types\/page"}],"author":[{"embeddable":true,"href":"https:\/\/bosquesdecantabria.org\/wordpress\/wp-json\/wp\/v2\/users\/1"}],"replies":[{"embeddable":true,"href":"https:\/\/bosquesdecantabria.org\/wordpress\/wp-json\/wp\/v2\/comments?post=1032"}],"version-history":[{"count":13,"href":"https:\/\/bosquesdecantabria.org\/wordpress\/wp-json\/wp\/v2\/pages\/1032\/revisions"}],"predecessor-version":[{"id":1077,"href":"https:\/\/bosquesdecantabria.org\/wordpress\/wp-json\/wp\/v2\/pages\/1032\/revisions\/1077"}],"wp:attachment":[{"href":"https:\/\/bosquesdecantabria.org\/wordpress\/wp-json\/wp\/v2\/media?parent=1032"}],"curies":[{"name":"wp","href":"https:\/\/api.w.org\/{rel}","templated":true}]}}