{"id":1050,"date":"2019-03-17T11:31:06","date_gmt":"2019-03-17T11:31:06","guid":{"rendered":"http:\/\/bosquesdecantabria.org\/wordpress\/?page_id=1050"},"modified":"2019-03-17T11:58:53","modified_gmt":"2019-03-17T11:58:53","slug":"como-elegir-especie-autoctona","status":"publish","type":"page","link":"https:\/\/bosquesdecantabria.org\/wordpress\/como-elegir-especie-autoctona\/","title":{"rendered":"C\u00d3MO ELEGIR LA ESPECIE ADECUADA"},"content":{"rendered":"\n<figure class=\"wp-block-image\"><img data-recalc-dims=\"1\" loading=\"lazy\" decoding=\"async\" width=\"980\" height=\"306\" src=\"https:\/\/i0.wp.com\/bosquesdecantabria.org\/wordpress\/wp-content\/uploads\/2019\/03\/002-VENTA-DE-ARBOLES-AUTOCTONOS-CANTABRIA-BOSQUES-DE-CANTABRIA.jpg?resize=980%2C306&#038;ssl=1\" alt=\"\" class=\"wp-image-1025\" srcset=\"https:\/\/i0.wp.com\/bosquesdecantabria.org\/wordpress\/wp-content\/uploads\/2019\/03\/002-VENTA-DE-ARBOLES-AUTOCTONOS-CANTABRIA-BOSQUES-DE-CANTABRIA.jpg?w=1024&amp;ssl=1 1024w, https:\/\/i0.wp.com\/bosquesdecantabria.org\/wordpress\/wp-content\/uploads\/2019\/03\/002-VENTA-DE-ARBOLES-AUTOCTONOS-CANTABRIA-BOSQUES-DE-CANTABRIA.jpg?resize=300%2C94&amp;ssl=1 300w, https:\/\/i0.wp.com\/bosquesdecantabria.org\/wordpress\/wp-content\/uploads\/2019\/03\/002-VENTA-DE-ARBOLES-AUTOCTONOS-CANTABRIA-BOSQUES-DE-CANTABRIA.jpg?resize=768%2C240&amp;ssl=1 768w, https:\/\/i0.wp.com\/bosquesdecantabria.org\/wordpress\/wp-content\/uploads\/2019\/03\/002-VENTA-DE-ARBOLES-AUTOCTONOS-CANTABRIA-BOSQUES-DE-CANTABRIA.jpg?resize=980%2C306&amp;ssl=1 980w, https:\/\/i0.wp.com\/bosquesdecantabria.org\/wordpress\/wp-content\/uploads\/2019\/03\/002-VENTA-DE-ARBOLES-AUTOCTONOS-CANTABRIA-BOSQUES-DE-CANTABRIA.jpg?resize=550%2C172&amp;ssl=1 550w\" sizes=\"auto, (max-width: 980px) 100vw, 980px\" \/><\/figure>\n\n\n\n<p>En Bosques de Cantabria te asesoramos sobre las especies a elegir para tu jard\u00edn. Para ello tendremos en cuenta no solo tus preferencias (tama\u00f1o, hoja perenne o caduca, \u00e9poca de floraci\u00f3n, coloraci\u00f3n oto\u00f1al, etc.) sino tambi\u00e9n las condiciones ambientales de tu parcela (orientaci\u00f3n, tipo de suelo, especies pr\u00f3ximas, espacio, etc.) aconsej\u00e1ndote las especies m\u00e1s adecuadas para que el \u00e1rbol que plantes, arraigue bien y crezca vigoroso. Tambi\u00e9n te daremos algunos consejos para su cuidado y mantenimiento.<\/p>\n\n\n\n<figure class=\"wp-block-image\"><img data-recalc-dims=\"1\" loading=\"lazy\" decoding=\"async\" width=\"980\" height=\"72\" src=\"https:\/\/i0.wp.com\/bosquesdecantabria.org\/wordpress\/wp-content\/uploads\/2014\/11\/barra-espaciadora-bosques-de-cantabria.png?resize=980%2C72&#038;ssl=1\" alt=\"\" class=\"wp-image-461\" srcset=\"https:\/\/i0.wp.com\/bosquesdecantabria.org\/wordpress\/wp-content\/uploads\/2014\/11\/barra-espaciadora-bosques-de-cantabria.png?w=1024&amp;ssl=1 1024w, https:\/\/i0.wp.com\/bosquesdecantabria.org\/wordpress\/wp-content\/uploads\/2014\/11\/barra-espaciadora-bosques-de-cantabria.png?resize=300%2C21&amp;ssl=1 300w, https:\/\/i0.wp.com\/bosquesdecantabria.org\/wordpress\/wp-content\/uploads\/2014\/11\/barra-espaciadora-bosques-de-cantabria.png?resize=980%2C71&amp;ssl=1 980w, https:\/\/i0.wp.com\/bosquesdecantabria.org\/wordpress\/wp-content\/uploads\/2014\/11\/barra-espaciadora-bosques-de-cantabria.png?resize=550%2C40&amp;ssl=1 550w\" sizes=\"auto, (max-width: 980px) 100vw, 980px\" \/><\/figure>\n\n\n\n<p><strong><a href=\"https:\/\/bosquesdecantabria.org\/wordpress\/por-que-especies-autoctonas\/\">POR QU\u00c9 ESPECIES AUT\u00d3CTONAS<\/a><\/strong><\/p>\n\n\n\n<p><strong><a href=\"https:\/\/bosquesdecantabria.org\/wordpress\/especies-autoctonas\/\">DE D\u00d3NDE PROVIENEN NUESTROS \u00c1RBOLES<\/a><\/strong><\/p>\n\n\n\n<p><strong><a href=\"https:\/\/bosquesdecantabria.org\/wordpress\/comprar-arboles-en-cantabria\/\">5 MOTIVOS POR LOS QUE ELEGIR NUESTROS \u00c1RBOLES<\/a><\/strong><\/p>\n\n\n\n<p><strong><a href=\"https:\/\/bosquesdecantabria.org\/wordpress\/comprar-arboles-cantabria\/\">C\u00d3MO CONSEGUIR \u00c1RBOLES DE BOSQUES DE CANTABRIA<\/a><\/strong><\/p>\n","protected":false},"excerpt":{"rendered":"<p>En Bosques de Cantabria te asesoramos sobre las especies a elegir para tu jard\u00edn. Para ello tendremos en cuenta no solo tus preferencias (tama\u00f1o, hoja perenne o caduca, \u00e9poca de floraci\u00f3n, coloraci\u00f3n oto\u00f1al, etc.) sino tambi\u00e9n las condiciones ambientales de&#8230;<\/p>\n","protected":false},"author":1,"featured_media":0,"parent":0,"menu_order":0,"comment_status":"closed","ping_status":"closed","template":"template-fullwidth.php","meta":{"advanced_seo_description":"","jetpack_seo_html_title":"","jetpack_seo_noindex":false,"jetpack_post_was_ever_published":false,"footnotes":""},"class_list":["post-1050","page","type-page","status-publish","hentry"],"jetpack-related-posts":[],"jetpack_likes_enabled":true,"jetpack_sharing_enabled":true,"_links":{"self":[{"href":"https:\/\/bosquesdecantabria.org\/wordpress\/wp-json\/wp\/v2\/pages\/1050","targetHints":{"allow":["GET"]}}],"collection":[{"href":"https:\/\/bosquesdecantabria.org\/wordpress\/wp-json\/wp\/v2\/pages"}],"about":[{"href":"https:\/\/bosquesdecantabria.org\/wordpress\/wp-json\/wp\/v2\/types\/page"}],"author":[{"embeddable":true,"href":"https:\/\/bosquesdecantabria.org\/wordpress\/wp-json\/wp\/v2\/users\/1"}],"replies":[{"embeddable":true,"href":"https:\/\/bosquesdecantabria.org\/wordpress\/wp-json\/wp\/v2\/comments?post=1050"}],"version-history":[{"count":3,"href":"https:\/\/bosquesdecantabria.org\/wordpress\/wp-json\/wp\/v2\/pages\/1050\/revisions"}],"predecessor-version":[{"id":1079,"href":"https:\/\/bosquesdecantabria.org\/wordpress\/wp-json\/wp\/v2\/pages\/1050\/revisions\/1079"}],"wp:attachment":[{"href":"https:\/\/bosquesdecantabria.org\/wordpress\/wp-json\/wp\/v2\/media?parent=1050"}],"curies":[{"name":"wp","href":"https:\/\/api.w.org\/{rel}","templated":true}]}}