{"id":1059,"date":"2019-03-17T11:40:15","date_gmt":"2019-03-17T11:40:15","guid":{"rendered":"http:\/\/bosquesdecantabria.org\/wordpress\/?page_id=1059"},"modified":"2019-03-17T12:01:14","modified_gmt":"2019-03-17T12:01:14","slug":"comprar-arboles-cantabria","status":"publish","type":"page","link":"https:\/\/bosquesdecantabria.org\/wordpress\/comprar-arboles-cantabria\/","title":{"rendered":"C\u00d3MO CONSEGUIR \u00c1RBOLES DE BOSQUES DE CANTABRIA"},"content":{"rendered":"\n<figure class=\"wp-block-image\"><img data-recalc-dims=\"1\" loading=\"lazy\" decoding=\"async\" width=\"980\" height=\"306\" src=\"https:\/\/i0.wp.com\/bosquesdecantabria.org\/wordpress\/wp-content\/uploads\/2019\/03\/007-VENTA-DE-ARBOLES-AUTOCTONOS-CANTABRIA-BOSQUES-DE-CANTABRIA.jpg?resize=980%2C306&#038;ssl=1\" alt=\"\" class=\"wp-image-1030\" srcset=\"https:\/\/i0.wp.com\/bosquesdecantabria.org\/wordpress\/wp-content\/uploads\/2019\/03\/007-VENTA-DE-ARBOLES-AUTOCTONOS-CANTABRIA-BOSQUES-DE-CANTABRIA.jpg?w=1024&amp;ssl=1 1024w, https:\/\/i0.wp.com\/bosquesdecantabria.org\/wordpress\/wp-content\/uploads\/2019\/03\/007-VENTA-DE-ARBOLES-AUTOCTONOS-CANTABRIA-BOSQUES-DE-CANTABRIA.jpg?resize=300%2C94&amp;ssl=1 300w, https:\/\/i0.wp.com\/bosquesdecantabria.org\/wordpress\/wp-content\/uploads\/2019\/03\/007-VENTA-DE-ARBOLES-AUTOCTONOS-CANTABRIA-BOSQUES-DE-CANTABRIA.jpg?resize=768%2C240&amp;ssl=1 768w, https:\/\/i0.wp.com\/bosquesdecantabria.org\/wordpress\/wp-content\/uploads\/2019\/03\/007-VENTA-DE-ARBOLES-AUTOCTONOS-CANTABRIA-BOSQUES-DE-CANTABRIA.jpg?resize=980%2C306&amp;ssl=1 980w, https:\/\/i0.wp.com\/bosquesdecantabria.org\/wordpress\/wp-content\/uploads\/2019\/03\/007-VENTA-DE-ARBOLES-AUTOCTONOS-CANTABRIA-BOSQUES-DE-CANTABRIA.jpg?resize=550%2C172&amp;ssl=1 550w\" sizes=\"auto, (max-width: 980px) 100vw, 980px\" \/><\/figure>\n\n\n\n<p>Para recibir asesoramiento sobre\ntu jard\u00edn, elegir los \u00e1rboles que necesites, solicitar informaci\u00f3n sobre\nnuestro vivero (horarios, funcionamiento, etc.) o cualquier otro aspecto sobre\nBosques de Cantabria que sea de tu inter\u00e9s, puedes contactar con nosotros de la\nsiguiente manera:<\/p>\n\n\n\n<ul class=\"wp-block-list\"><li><strong>Por tel\u00e9fono: 942 60 51 69 \u2013 609 668 673 (de 10:00 a 14:00 h.)<\/strong><\/li><li><strong>Por correo electr\u00f3nico: <\/strong><a href=\"mailto:info@bosquesdecantabria.org\"><strong>info@bosquesdecantabria.org<\/strong><\/a><\/li><\/ul>\n\n\n\n<figure class=\"wp-block-image\"><img data-recalc-dims=\"1\" loading=\"lazy\" decoding=\"async\" width=\"980\" height=\"72\" src=\"https:\/\/i0.wp.com\/bosquesdecantabria.org\/wordpress\/wp-content\/uploads\/2014\/11\/barra-espaciadora-bosques-de-cantabria.png?resize=980%2C72&#038;ssl=1\" alt=\"\" class=\"wp-image-461\" srcset=\"https:\/\/i0.wp.com\/bosquesdecantabria.org\/wordpress\/wp-content\/uploads\/2014\/11\/barra-espaciadora-bosques-de-cantabria.png?w=1024&amp;ssl=1 1024w, https:\/\/i0.wp.com\/bosquesdecantabria.org\/wordpress\/wp-content\/uploads\/2014\/11\/barra-espaciadora-bosques-de-cantabria.png?resize=300%2C21&amp;ssl=1 300w, https:\/\/i0.wp.com\/bosquesdecantabria.org\/wordpress\/wp-content\/uploads\/2014\/11\/barra-espaciadora-bosques-de-cantabria.png?resize=980%2C71&amp;ssl=1 980w, https:\/\/i0.wp.com\/bosquesdecantabria.org\/wordpress\/wp-content\/uploads\/2014\/11\/barra-espaciadora-bosques-de-cantabria.png?resize=550%2C40&amp;ssl=1 550w\" sizes=\"auto, (max-width: 980px) 100vw, 980px\" \/><\/figure>\n\n\n\n<p><strong><a href=\"https:\/\/bosquesdecantabria.org\/wordpress\/por-que-especies-autoctonas\/\">POR QU\u00c9 ESPECIES AUT\u00d3CTONAS<\/a><\/strong><\/p>\n\n\n\n<p><strong><a href=\"https:\/\/bosquesdecantabria.org\/wordpress\/especies-autoctonas\/\">DE D\u00d3NDE PROVIENEN NUESTROS \u00c1RBOLES<\/a><\/strong><\/p>\n\n\n\n<p><strong><a href=\"https:\/\/bosquesdecantabria.org\/wordpress\/como-elegir-especie-autoctona\/\">C\u00d3MO ELEGIR LA ESPECIE ADECUADA <\/a><\/strong><\/p>\n\n\n\n<p><strong><a href=\"https:\/\/bosquesdecantabria.org\/wordpress\/comprar-arboles-en-cantabria\/\">5 MOTIVOS POR LOS QUE ELEGIR \u00c1RBOLES DE BOSQUES DE CANTABRIA<\/a><\/strong><\/p>\n","protected":false},"excerpt":{"rendered":"<p>Para recibir asesoramiento sobre tu jard\u00edn, elegir los \u00e1rboles que necesites, solicitar informaci\u00f3n sobre nuestro vivero (horarios, funcionamiento, etc.) o cualquier otro aspecto sobre Bosques de Cantabria que sea de tu inter\u00e9s, puedes contactar con nosotros de la siguiente manera:&#8230;<\/p>\n","protected":false},"author":1,"featured_media":0,"parent":0,"menu_order":0,"comment_status":"closed","ping_status":"closed","template":"template-fullwidth.php","meta":{"advanced_seo_description":"","jetpack_seo_html_title":"","jetpack_seo_noindex":false,"jetpack_post_was_ever_published":false,"footnotes":""},"class_list":["post-1059","page","type-page","status-publish","hentry"],"jetpack-related-posts":[],"jetpack_likes_enabled":true,"jetpack_sharing_enabled":true,"_links":{"self":[{"href":"https:\/\/bosquesdecantabria.org\/wordpress\/wp-json\/wp\/v2\/pages\/1059","targetHints":{"allow":["GET"]}}],"collection":[{"href":"https:\/\/bosquesdecantabria.org\/wordpress\/wp-json\/wp\/v2\/pages"}],"about":[{"href":"https:\/\/bosquesdecantabria.org\/wordpress\/wp-json\/wp\/v2\/types\/page"}],"author":[{"embeddable":true,"href":"https:\/\/bosquesdecantabria.org\/wordpress\/wp-json\/wp\/v2\/users\/1"}],"replies":[{"embeddable":true,"href":"https:\/\/bosquesdecantabria.org\/wordpress\/wp-json\/wp\/v2\/comments?post=1059"}],"version-history":[{"count":5,"href":"https:\/\/bosquesdecantabria.org\/wordpress\/wp-json\/wp\/v2\/pages\/1059\/revisions"}],"predecessor-version":[{"id":1081,"href":"https:\/\/bosquesdecantabria.org\/wordpress\/wp-json\/wp\/v2\/pages\/1059\/revisions\/1081"}],"wp:attachment":[{"href":"https:\/\/bosquesdecantabria.org\/wordpress\/wp-json\/wp\/v2\/media?parent=1059"}],"curies":[{"name":"wp","href":"https:\/\/api.w.org\/{rel}","templated":true}]}}