{"id":1132,"date":"2020-07-29T12:44:43","date_gmt":"2020-07-29T12:44:43","guid":{"rendered":"http:\/\/bosquesdecantabria.org\/wordpress\/?page_id=1132"},"modified":"2020-07-29T12:44:43","modified_gmt":"2020-07-29T12:44:43","slug":"itinerarios-divulgativos-por-laredo","status":"publish","type":"page","link":"https:\/\/bosquesdecantabria.org\/wordpress\/itinerarios-divulgativos-por-laredo\/","title":{"rendered":"Itinerarios divulgativos por Laredo"},"content":{"rendered":"\n<figure class=\"wp-block-image\"><img data-recalc-dims=\"1\" loading=\"lazy\" decoding=\"async\" width=\"980\" height=\"693\" src=\"https:\/\/i0.wp.com\/bosquesdecantabria.org\/wordpress\/wp-content\/uploads\/2020\/07\/itinerarios-divulgativos.jpg?resize=980%2C693&#038;ssl=1\" alt=\"\" class=\"wp-image-1134\" srcset=\"https:\/\/i0.wp.com\/bosquesdecantabria.org\/wordpress\/wp-content\/uploads\/2020\/07\/itinerarios-divulgativos.jpg?resize=1024%2C724&amp;ssl=1 1024w, https:\/\/i0.wp.com\/bosquesdecantabria.org\/wordpress\/wp-content\/uploads\/2020\/07\/itinerarios-divulgativos.jpg?resize=300%2C212&amp;ssl=1 300w, https:\/\/i0.wp.com\/bosquesdecantabria.org\/wordpress\/wp-content\/uploads\/2020\/07\/itinerarios-divulgativos.jpg?resize=768%2C543&amp;ssl=1 768w, https:\/\/i0.wp.com\/bosquesdecantabria.org\/wordpress\/wp-content\/uploads\/2020\/07\/itinerarios-divulgativos.jpg?resize=980%2C693&amp;ssl=1 980w, https:\/\/i0.wp.com\/bosquesdecantabria.org\/wordpress\/wp-content\/uploads\/2020\/07\/itinerarios-divulgativos.jpg?resize=550%2C389&amp;ssl=1 550w, https:\/\/i0.wp.com\/bosquesdecantabria.org\/wordpress\/wp-content\/uploads\/2020\/07\/itinerarios-divulgativos.jpg?w=1861&amp;ssl=1 1861w\" sizes=\"auto, (max-width: 980px) 100vw, 980px\" \/><\/figure>\n\n\n\n<h2 class=\"wp-block-heading\"><em>UNA NUEVA FORMA DE CONOCER LAREDO<\/em><\/h2>\n\n\n\n<p>Bosques de Cantabria pone en marcha los \u201cItinerarios Divulgativos\u201d, una nueva iniciativa dirigida a facilitar el conocimiento, puesta en valor y disfrute del rico patrimonio natural e hist\u00f3rico que atesora el municipio pejino.\n\n<\/p>\n\n\n\n<figure class=\"wp-block-image\"><img data-recalc-dims=\"1\" loading=\"lazy\" decoding=\"async\" width=\"980\" height=\"735\" src=\"https:\/\/i0.wp.com\/bosquesdecantabria.org\/wordpress\/wp-content\/uploads\/2020\/07\/itinerarios-divulgativos-laredo-natural-3.jpg?resize=980%2C735&#038;ssl=1\" alt=\"\" class=\"wp-image-1133\" srcset=\"https:\/\/i0.wp.com\/bosquesdecantabria.org\/wordpress\/wp-content\/uploads\/2020\/07\/itinerarios-divulgativos-laredo-natural-3.jpg?resize=1024%2C768&amp;ssl=1 1024w, https:\/\/i0.wp.com\/bosquesdecantabria.org\/wordpress\/wp-content\/uploads\/2020\/07\/itinerarios-divulgativos-laredo-natural-3.jpg?resize=300%2C225&amp;ssl=1 300w, https:\/\/i0.wp.com\/bosquesdecantabria.org\/wordpress\/wp-content\/uploads\/2020\/07\/itinerarios-divulgativos-laredo-natural-3.jpg?resize=768%2C576&amp;ssl=1 768w, https:\/\/i0.wp.com\/bosquesdecantabria.org\/wordpress\/wp-content\/uploads\/2020\/07\/itinerarios-divulgativos-laredo-natural-3.jpg?resize=980%2C735&amp;ssl=1 980w, https:\/\/i0.wp.com\/bosquesdecantabria.org\/wordpress\/wp-content\/uploads\/2020\/07\/itinerarios-divulgativos-laredo-natural-3.jpg?resize=550%2C413&amp;ssl=1 550w, https:\/\/i0.wp.com\/bosquesdecantabria.org\/wordpress\/wp-content\/uploads\/2020\/07\/itinerarios-divulgativos-laredo-natural-3.jpg?w=1824&amp;ssl=1 1824w\" sizes=\"auto, (max-width: 980px) 100vw, 980px\" \/><\/figure>\n\n\n\n<p style=\"text-align: center;\">Este verano en el que nos estamos acostumbrando a vivir de una manera diferente las experiencias que eran habituales otros a\u00f1os, nuestra Asociaci\u00f3n ofrece en Laredo una iniciativa aut\u00e9nticamente novedosa, muy diferente a<span class=\"text_exposed_show\"> todo lo que se ha desarrollado hasta ahora. A trav\u00e9s de los \u201cItinerarios divulgativos\u201d, ofrecemos a la poblaci\u00f3n local y visitante la posibilidad de conocer \u201cin situ\u201d la gran diversidad de espacios naturales y especies silvestres que alberga el municipio, as\u00ed como alguno de los elementos m\u00e1s destacados de su patrimonio hist\u00f3rico, de manera personalizada y en contacto directo con el medio.\u00a0<\/span><span class=\"text_exposed_show\">A trav\u00e9s de un amplio programa semanal, integrado por 7 itinerarios diferentes (que pod\u00e9is ver en el cartel adjunto), los participantes tendr\u00e1n la oportunidad de descubrir, de la mano de especialistas en cada una de las materias, algunos de los \u201csecretos mejor guardados\u201d que el rico patrimonio natural e hist\u00f3rico de Laredo atesora. A trav\u00e9s de estas actividades, daremos a conocer las plantas silvestres con propiedades curativas o alimenticias que crecen en la campi\u00f1a; los diferentes tipos de bosques que se desarrollan de forma natural en Laredo y las especies que los caracterizan; los enclaves hist\u00f3ricos m\u00e1s relevantes del pasado de la Villa y su relaci\u00f3n con el entorno natural en el que se asentaron; la diversidad geol\u00f3gica de un entorno costero donde el mar ha modelado el perfil del terreno\u2026 y cuando las mareas lo permitan, los itinerarios nos acercar\u00e1n a las ocultas riquezas del mar y la marisma.<br \/>En definitiva, estos itinerarios de corto recorrido y escasa dificultad, van dirigidos a todos los p\u00fablicos, persiguiendo una finalidad did\u00e1ctica y de sensibilizaci\u00f3n en la conservaci\u00f3n, uso y disfrute de la naturaleza y de nuestro patrimonio hist\u00f3rico y cultural. A trav\u00e9s del conocimiento, los participantes tendr\u00e1n oportunidad de gozar de una experiencia educativa, atractiva y sugerente que permitir\u00e1 poner en valor el rico patrimonio natural y cultural de la villa pejina.<br \/>Se trata de una actividad organizada por la Asociaci\u00f3n Cultural Bosques de Cantabria que est\u00e1 integrada en el \u201cProyecto Geoparque Valles de Cantabria\u201d, aspirante a Geoparque Mundial de la UNESCO y en ella colaboran el Ayuntamiento de Laredo (a trav\u00e9s de la cesi\u00f3n de espacios para la divulgaci\u00f3n), y la Iglesia de Santa Mar\u00eda de Asunci\u00f3n, destino principal de uno de los itinerarios en los que el arte y la historia confluyen con el entorno natural.<br \/>Para participar en estos itinerarios es necesario reservar la plaza en el n\u00famero de tel\u00e9fono 609 668 673, donde, adem\u00e1s pod\u00e9is ampliar esta informaci\u00f3n.<\/span><\/p>\n\n\n\n<figure class=\"wp-block-image\"><img data-recalc-dims=\"1\" loading=\"lazy\" decoding=\"async\" width=\"980\" height=\"735\" src=\"https:\/\/i0.wp.com\/bosquesdecantabria.org\/wordpress\/wp-content\/uploads\/2020\/07\/itinerarios-divulgativos-laredo-natural-2.jpg?resize=980%2C735&#038;ssl=1\" alt=\"\" class=\"wp-image-1135\" srcset=\"https:\/\/i0.wp.com\/bosquesdecantabria.org\/wordpress\/wp-content\/uploads\/2020\/07\/itinerarios-divulgativos-laredo-natural-2.jpg?resize=1024%2C768&amp;ssl=1 1024w, https:\/\/i0.wp.com\/bosquesdecantabria.org\/wordpress\/wp-content\/uploads\/2020\/07\/itinerarios-divulgativos-laredo-natural-2.jpg?resize=300%2C225&amp;ssl=1 300w, https:\/\/i0.wp.com\/bosquesdecantabria.org\/wordpress\/wp-content\/uploads\/2020\/07\/itinerarios-divulgativos-laredo-natural-2.jpg?resize=768%2C576&amp;ssl=1 768w, https:\/\/i0.wp.com\/bosquesdecantabria.org\/wordpress\/wp-content\/uploads\/2020\/07\/itinerarios-divulgativos-laredo-natural-2.jpg?resize=980%2C735&amp;ssl=1 980w, https:\/\/i0.wp.com\/bosquesdecantabria.org\/wordpress\/wp-content\/uploads\/2020\/07\/itinerarios-divulgativos-laredo-natural-2.jpg?resize=550%2C413&amp;ssl=1 550w, https:\/\/i0.wp.com\/bosquesdecantabria.org\/wordpress\/wp-content\/uploads\/2020\/07\/itinerarios-divulgativos-laredo-natural-2.jpg?w=1824&amp;ssl=1 1824w\" sizes=\"auto, (max-width: 980px) 100vw, 980px\" \/><\/figure>\n","protected":false},"excerpt":{"rendered":"<p>UNA NUEVA FORMA DE CONOCER LAREDO Bosques de Cantabria pone en marcha los \u201cItinerarios Divulgativos\u201d, una nueva iniciativa dirigida a facilitar el conocimiento, puesta en valor y disfrute del rico patrimonio natural e hist\u00f3rico que atesora el municipio pejino. Este&#8230;<\/p>\n","protected":false},"author":1,"featured_media":0,"parent":0,"menu_order":0,"comment_status":"closed","ping_status":"closed","template":"","meta":{"advanced_seo_description":"","jetpack_seo_html_title":"","jetpack_seo_noindex":false,"jetpack_post_was_ever_published":false,"footnotes":""},"class_list":["post-1132","page","type-page","status-publish","hentry"],"jetpack-related-posts":[],"jetpack_likes_enabled":true,"jetpack_sharing_enabled":true,"_links":{"self":[{"href":"https:\/\/bosquesdecantabria.org\/wordpress\/wp-json\/wp\/v2\/pages\/1132","targetHints":{"allow":["GET"]}}],"collection":[{"href":"https:\/\/bosquesdecantabria.org\/wordpress\/wp-json\/wp\/v2\/pages"}],"about":[{"href":"https:\/\/bosquesdecantabria.org\/wordpress\/wp-json\/wp\/v2\/types\/page"}],"author":[{"embeddable":true,"href":"https:\/\/bosquesdecantabria.org\/wordpress\/wp-json\/wp\/v2\/users\/1"}],"replies":[{"embeddable":true,"href":"https:\/\/bosquesdecantabria.org\/wordpress\/wp-json\/wp\/v2\/comments?post=1132"}],"version-history":[{"count":1,"href":"https:\/\/bosquesdecantabria.org\/wordpress\/wp-json\/wp\/v2\/pages\/1132\/revisions"}],"predecessor-version":[{"id":1136,"href":"https:\/\/bosquesdecantabria.org\/wordpress\/wp-json\/wp\/v2\/pages\/1132\/revisions\/1136"}],"wp:attachment":[{"href":"https:\/\/bosquesdecantabria.org\/wordpress\/wp-json\/wp\/v2\/media?parent=1132"}],"curies":[{"name":"wp","href":"https:\/\/api.w.org\/{rel}","templated":true}]}}