{"id":398,"date":"2014-11-04T16:59:08","date_gmt":"2014-11-04T16:59:08","guid":{"rendered":"http:\/\/bosquesdecantabria.org\/wordpress\/?page_id=398"},"modified":"2019-03-17T12:01:58","modified_gmt":"2019-03-17T12:01:58","slug":"divulgacion-cientifica","status":"publish","type":"page","link":"https:\/\/bosquesdecantabria.org\/wordpress\/divulgacion-cientifica\/","title":{"rendered":"DIVULGACI\u00d3N CIENT\u00cdFICA"},"content":{"rendered":"<h3 style=\"text-align: justify;\"><em><strong>&nbsp; &nbsp; Para satisfacer la creciente demanda social de informaci\u00f3n sobre temas ambientales es necesario recurrir, no s\u00f3lo a programas educativos, sino a proyectos de comunicaci\u00f3n dirigidos al p\u00fablico general, en los que al mismo tiempo, se profundice m\u00e1s en el \u00e1mbito cient\u00edfico. Dominar los contenidos ambientales a la par que los mecanismos para su comunicaci\u00f3n, es la clave para alcanzar el \u00e9xito de nuestros objetivos divulgativos.&nbsp;<\/strong><\/em><\/h3>\n<h3 style=\"text-align: justify;\"><em><strong>&nbsp; &nbsp;Bosques de Cantabria, lleva dos d\u00e9cadas aunando ambas cualidades. Prueba de ello son cualquiera de los proyectos que llevamos a cabo, jornadas, campa\u00f1as y eventos, as\u00ed como la calidad de nuestras salidas interpretativas de primavera y de oto\u00f1o:<\/strong><\/em><\/h3>\n<p><img data-recalc-dims=\"1\" loading=\"lazy\" decoding=\"async\" class=\"aligncenter\" style=\"vertical-align: baseline;\" src=\"https:\/\/i0.wp.com\/bosquesdecantabria.org\/wordpress\/wp-content\/uploads\/2014\/11\/barra-espaciadora-bosques-de-cantabria.png?resize=980%2C72&#038;ssl=1\" alt=\"\" width=\"980\" height=\"72\"><\/p>\n<h2 style=\"text-align: justify;\"><strong>PLAN DE SUSTITUCI\u00d3N DE PLANTACIONES DE EUCALIPTO POR OTRAS ESPECIES MENOS EXIGENTES EN AGUA EN MUNICIPIOS DEL NORTE PENINSULAR.<\/strong><\/h2>\n<h2><a href=\"https:\/\/www.dropbox.com\/s\/omtfukwcrcaitge\/Plan%20de%20sustituci%C3%B3n%20de%20eucaliptales.pdf?dl=0\"><img data-recalc-dims=\"1\" loading=\"lazy\" decoding=\"async\" class=\"aligncenter size-full wp-image-998\" src=\"https:\/\/i0.wp.com\/bosquesdecantabria.org\/wordpress\/wp-content\/uploads\/2019\/02\/EUCALIPTAL-EUCALIPTOS-DIEGO-DE-VALLEJO-PE%CC%81REZ-1.jpg?resize=980%2C385&#038;ssl=1\" alt=\"\" width=\"980\" height=\"385\" srcset=\"https:\/\/i0.wp.com\/bosquesdecantabria.org\/wordpress\/wp-content\/uploads\/2019\/02\/EUCALIPTAL-EUCALIPTOS-DIEGO-DE-VALLEJO-PE%CC%81REZ-1.jpg?w=980&amp;ssl=1 980w, https:\/\/i0.wp.com\/bosquesdecantabria.org\/wordpress\/wp-content\/uploads\/2019\/02\/EUCALIPTAL-EUCALIPTOS-DIEGO-DE-VALLEJO-PE%CC%81REZ-1.jpg?resize=300%2C118&amp;ssl=1 300w, https:\/\/i0.wp.com\/bosquesdecantabria.org\/wordpress\/wp-content\/uploads\/2019\/02\/EUCALIPTAL-EUCALIPTOS-DIEGO-DE-VALLEJO-PE%CC%81REZ-1.jpg?resize=768%2C302&amp;ssl=1 768w, https:\/\/i0.wp.com\/bosquesdecantabria.org\/wordpress\/wp-content\/uploads\/2019\/02\/EUCALIPTAL-EUCALIPTOS-DIEGO-DE-VALLEJO-PE%CC%81REZ-1.jpg?resize=550%2C216&amp;ssl=1 550w\" sizes=\"auto, (max-width: 980px) 100vw, 980px\" \/><\/a><\/h2>\n<p style=\"text-align: justify;\"><strong>El interesante trabajo cient\u00edfico elaborado para la Mancomunidad de Municipios Sostenibles con la participaci\u00f3n directa de nuestro t\u00e9cnico Diego de Vallejo. Con \u00e9l, ya son muchos los Ayuntamientos que est\u00e1n tomando la importante decisi\u00f3n de reconvertir el uso de sus montes vecinales en plantaciones forestales de explotaci\u00f3n no intensiva con especies aut\u00f3ctonas o espacios verdes destinados a la biodiversidad.&nbsp;<\/strong><\/p>\n<p style=\"text-align: center;\"><a href=\"https:\/\/www.dropbox.com\/s\/omtfukwcrcaitge\/Plan%20de%20sustituci%C3%B3n%20de%20eucaliptales.pdf?dl=0\"><strong>Desc\u00e1rguese aqu\u00ed el trabajo en .pdf<\/strong><\/a><\/p>\n<h1><img data-recalc-dims=\"1\" loading=\"lazy\" decoding=\"async\" class=\"aligncenter\" style=\"vertical-align: baseline;\" src=\"https:\/\/i0.wp.com\/bosquesdecantabria.org\/wordpress\/wp-content\/uploads\/2014\/11\/barra-espaciadora-bosques-de-cantabria.png?resize=980%2C72&#038;ssl=1\" alt=\"\" width=\"980\" height=\"72\"><\/h1>\n<h2 style=\"text-align: justify;\"><strong>EXPOSICI\u00d3N DE EJEMPLARES VIVOS \u00abEL BOSQUE EN CANTABRIA\u00bb<\/strong><\/h2>\n<p style=\"text-align: justify;\"><strong>&nbsp; &nbsp;<\/strong><strong>Esta exposici\u00f3n, se lleva a cabo con el objetivo de presentar al p\u00fablico una colecci\u00f3n de \u00e1rboles y arbustos aut\u00f3ctonos, integrada por una muestra de medio centenar de ejemplares vivos, de las especies forestales m\u00e1s representativas de la regi\u00f3n.<\/strong><\/p>\n<p style=\"text-align: justify;\"><strong>&nbsp; &nbsp;La exposici\u00f3n se ubica en una gran carpa, propiedad de la Asociaci\u00f3n, para facilitar la visita de los vecinos as\u00ed como el mantenimiento de los ejemplares vivos en condiciones \u00f3ptimas para su estudio cient\u00edfico. La colecci\u00f3n incluye ejemplares de los \u00e1rboles y arbustos m\u00e1s frecuentes en los ecosistemas de Cantabria, cada uno de ellos acompa\u00f1ado de su correspondiente ficha descriptiva. En estas fichas, adem\u00e1s del nombre com\u00fan y cient\u00edfico de cada especie, aparece otra informaci\u00f3n relevante como los lugares donde habita, familia a la que pertenece, o los usos que tradicionalmente se han venido haciendo en Cantabria de esa especie, destacando sus propiedades medicinales y otras curiosidades bot\u00e1nicas.<\/strong><\/p>\n<p style=\"text-align: center;\"><a href=\"https:\/\/i0.wp.com\/bosquesdecantabria.org\/wordpress\/wp-content\/uploads\/2015\/11\/Haya-copia.jpg?ssl=1\"><img data-recalc-dims=\"1\" loading=\"lazy\" decoding=\"async\" class=\"aligncenter wp-image-773\" src=\"https:\/\/i0.wp.com\/bosquesdecantabria.org\/wordpress\/wp-content\/uploads\/2015\/11\/Divulgacion-cientifica-3-bosques-de-cantabria.jpg?resize=980%2C313&#038;ssl=1\" alt=\"Divulgacion cientifica 3 bosques de cantabria\" width=\"980\" height=\"313\" srcset=\"https:\/\/i0.wp.com\/bosquesdecantabria.org\/wordpress\/wp-content\/uploads\/2015\/11\/Divulgacion-cientifica-3-bosques-de-cantabria.jpg?w=1024&amp;ssl=1 1024w, https:\/\/i0.wp.com\/bosquesdecantabria.org\/wordpress\/wp-content\/uploads\/2015\/11\/Divulgacion-cientifica-3-bosques-de-cantabria.jpg?resize=300%2C95&amp;ssl=1 300w, https:\/\/i0.wp.com\/bosquesdecantabria.org\/wordpress\/wp-content\/uploads\/2015\/11\/Divulgacion-cientifica-3-bosques-de-cantabria.jpg?resize=980%2C312&amp;ssl=1 980w, https:\/\/i0.wp.com\/bosquesdecantabria.org\/wordpress\/wp-content\/uploads\/2015\/11\/Divulgacion-cientifica-3-bosques-de-cantabria.jpg?resize=550%2C175&amp;ssl=1 550w\" sizes=\"auto, (max-width: 980px) 100vw, 980px\" \/><\/a><\/p>\n<p style=\"text-align: justify;\"><strong>&nbsp; &nbsp;La muestra se completa con unos paneles explicativos sobre los diferentes tipos de bosques presentes en Cantabria y la situaci\u00f3n forestal actual de nuestra regi\u00f3n. La exposici\u00f3n se acompa\u00f1a de pantallas que proyectan&nbsp;audiovisuales&nbsp;sobre las actividades para salvaguardar el medio ambiente que se est\u00e1n llevando a cabo por Bosques de Cantabria y que&nbsp;est\u00e1n abiertas a la participaci\u00f3n voluntaria de cualquier visitante. <\/strong><\/p>\n<p style=\"text-align: justify;\"><strong>&nbsp; &nbsp; Este proyecto se lleva a cabo con el patrocinio de los Ayuntamientos solicitantes o contando con la colaboraci\u00f3n de otras entidades p\u00fablicas o privadas. Est\u00e1 dise\u00f1ada para poder ser visitada de forma autoguiada, a trav\u00e9s de la carteler\u00eda existente, o bien participando en las visitas guiadas que los t\u00e9cnicos de Bosques de Cantabria realizar\u00e1n durante el tiempo que dure la exposici\u00f3n.<\/strong><\/p>\n<p style=\"text-align: center;\"><strong><img data-recalc-dims=\"1\" loading=\"lazy\" decoding=\"async\" class=\"size-full wp-image-752 aligncenter\" src=\"https:\/\/i0.wp.com\/bosquesdecantabria.org\/wordpress\/wp-content\/uploads\/2015\/11\/Divulgacion-cientifica-bosques-de-cantabria.jpg?resize=980%2C337&#038;ssl=1\" alt=\"Divulgacion cientifica bosques de cantabria\" width=\"980\" height=\"337\" srcset=\"https:\/\/i0.wp.com\/bosquesdecantabria.org\/wordpress\/wp-content\/uploads\/2015\/11\/Divulgacion-cientifica-bosques-de-cantabria.jpg?w=1024&amp;ssl=1 1024w, https:\/\/i0.wp.com\/bosquesdecantabria.org\/wordpress\/wp-content\/uploads\/2015\/11\/Divulgacion-cientifica-bosques-de-cantabria.jpg?resize=300%2C103&amp;ssl=1 300w, https:\/\/i0.wp.com\/bosquesdecantabria.org\/wordpress\/wp-content\/uploads\/2015\/11\/Divulgacion-cientifica-bosques-de-cantabria.jpg?resize=980%2C336&amp;ssl=1 980w, https:\/\/i0.wp.com\/bosquesdecantabria.org\/wordpress\/wp-content\/uploads\/2015\/11\/Divulgacion-cientifica-bosques-de-cantabria.jpg?resize=550%2C189&amp;ssl=1 550w\" sizes=\"auto, (max-width: 980px) 100vw, 980px\" \/><\/strong><\/p>\n<hr>\n<h1><img data-recalc-dims=\"1\" loading=\"lazy\" decoding=\"async\" class=\"aligncenter\" style=\"vertical-align: baseline;\" src=\"https:\/\/i0.wp.com\/bosquesdecantabria.org\/wordpress\/wp-content\/uploads\/2014\/11\/barra-espaciadora-bosques-de-cantabria.png?resize=980%2C72&#038;ssl=1\" alt=\"\" width=\"980\" height=\"72\"><\/h1>\n<h2 style=\"text-align: justify;\"><strong>&nbsp;CALENDARIO DE SALIDAS INTERPRETATIVAS DE PRIMAVERA Y DE OTO\u00d1O<\/strong><\/h2>\n<p style=\"text-align: justify;\"><strong><iframe loading=\"lazy\"  style=\"display: block; margin: 0px auto;\"  id=\"_ytid_36941\"  width=\"980\" height=\"563\"  data-origwidth=\"980\" data-origheight=\"563\" src=\"https:\/\/www.youtube.com\/embed\/CRBsqgRz63Y?enablejsapi=1&autoplay=0&cc_load_policy=0&cc_lang_pref=&iv_load_policy=3&loop=0&rel=0&fs=1&playsinline=0&autohide=2&theme=dark&color=red&controls=1&disablekb=0&\" class=\"__youtube_prefs__  no-lazyload\" title=\"YouTube player\"  allow=\"fullscreen; accelerometer; autoplay; clipboard-write; encrypted-media; gyroscope; picture-in-picture; web-share\" referrerpolicy=\"strict-origin-when-cross-origin\" allowfullscreen data-no-lazy=\"1\" data-skipgform_ajax_framebjll=\"\"><\/iframe>&nbsp; &nbsp;<\/strong><\/p>\n<p style=\"text-align: justify;\"><strong style=\"text-align: justify;\">En Cantabria, la primavera despierta cada a\u00f1o de manera imparable, produciendo una intensa ebullici\u00f3n de la vida en nuestros campos y bosques. El oto\u00f1o sin embargo, se acerca poco a poco, haci\u00e9ndose sentir en nuestro d\u00eda a d\u00eda, alcanzando el bosque uno de los momentos m\u00e1s esplendorosos del a\u00f1o. Como proyecto insigne y desde hace ya tantos a\u00f1os, estas \u00e9pocas son aprovechadas para la realizaci\u00f3n de una de las experiencias m\u00e1s gratificantes para acercarnos a la naturaleza, llevadas a cabo de la mano de Bosques de Cantabria.<\/strong><\/p>\n<p style=\"text-align: justify;\"><strong>&nbsp; &nbsp;Las salidas de campo interpretativas permiten a los socios y amigos de la Asociaci\u00f3n, disfrutar conociendo y compartiendo experiencias en el mejor de los ambientes. Cada a\u00f1o se llevan a cabo tres salidas primaverales y tres oto\u00f1ales, que acercar\u00e1n los m\u00e1s fabulosos y rec\u00f3nditos ecosistemas de Cantabria a los usuarios.<\/strong><\/p>\n<p style=\"text-align: justify;\"><strong>&nbsp; &nbsp;La organizaci\u00f3n de las salidas se lleva a cabo desde la oficina t\u00e9cnica de la Asociaci\u00f3n, alquilando un autocar que hace paradas en Torrelavega, Santander, Astillero y Laredo, o viceversa. Las rutas se llevan a&nbsp; cabo a pie, a lo largo de todo un d\u00eda, siendo siempre en fin de semana. No exigen una preparaci\u00f3n deportiva alta ya que consideramos el senderismo un medio para acercarnos a la naturaleza, no nuestro objetivo principal.<\/strong><\/p>\n<h3 style=\"text-align: justify;\"><\/h3>\n<p><img data-recalc-dims=\"1\" loading=\"lazy\" decoding=\"async\" class=\"aligncenter size-full wp-image-790\" src=\"https:\/\/i0.wp.com\/bosquesdecantabria.org\/wordpress\/wp-content\/uploads\/2015\/11\/SALIDAS-interpretativass-asociaci%C3%B3n-cultural-bosques-de-cantabria.jpg?resize=980%2C337&#038;ssl=1\" alt=\"SALIDAS interpretativass asociaci\u00f3n cultural bosques de cantabria\" width=\"980\" height=\"337\" srcset=\"https:\/\/i0.wp.com\/bosquesdecantabria.org\/wordpress\/wp-content\/uploads\/2015\/11\/SALIDAS-interpretativass-asociaci%C3%B3n-cultural-bosques-de-cantabria.jpg?w=1024&amp;ssl=1 1024w, https:\/\/i0.wp.com\/bosquesdecantabria.org\/wordpress\/wp-content\/uploads\/2015\/11\/SALIDAS-interpretativass-asociaci%C3%B3n-cultural-bosques-de-cantabria.jpg?resize=300%2C103&amp;ssl=1 300w, https:\/\/i0.wp.com\/bosquesdecantabria.org\/wordpress\/wp-content\/uploads\/2015\/11\/SALIDAS-interpretativass-asociaci%C3%B3n-cultural-bosques-de-cantabria.jpg?resize=980%2C336&amp;ssl=1 980w, https:\/\/i0.wp.com\/bosquesdecantabria.org\/wordpress\/wp-content\/uploads\/2015\/11\/SALIDAS-interpretativass-asociaci%C3%B3n-cultural-bosques-de-cantabria.jpg?resize=550%2C189&amp;ssl=1 550w\" sizes=\"auto, (max-width: 980px) 100vw, 980px\" \/><\/p>\n<p style=\"text-align: justify;\"><strong>&nbsp; &nbsp;&nbsp;<\/strong><\/p>\n<p style=\"text-align: justify;\"><strong>&nbsp; &nbsp;Una vez al a\u00f1o, se organiza una salida de dos d\u00edas, haciendo noche en un hotel o albergue cercano a alguno de los espacios naturales situados un poco m\u00e1s lejos de lo habitual, aprovechando de esta forma todo un fin de semana para llenarlo de experiencias divertidas, impresionantes vistas, ambiente familiar y conocimientos forestales. Debido al creciente \u00e9xito entre los amigos la Asociaci\u00f3n de este programa de salidas interpretativas y al hecho de que se llevan a cabo con un n\u00famero limitado de plazas para no comprometer la calidad de las mismas, es necesario llamar a los tel\u00e9fonos de la Asociaci\u00f3n para inscribirse y reservar plaza, dando prioridad a los socios de Bosques de Cantabria.<\/strong><\/p>\n<p style=\"text-align: justify;\"><strong>&nbsp; &nbsp;\u00bfQuieres&nbsp;ser socio? <span style=\"color: #000000;\"><em><span style=\"text-decoration: underline; background-color: #ffffff;\"><a href=\"https:\/\/bosquesdecantabria.org\/wordpress\/wp-content\/uploads\/2015\/11\/Ficha-para-asociarse-2014.pdf\" target=\"_blank\" rel=\"noopener noreferrer\"><span style=\"color: #000000; text-decoration: underline; background-color: #ffffff;\">PINCHA AQU\u00cd<\/span><\/a><\/span><\/em><em>&nbsp;<\/em><\/span>para descargarte el formulario y h\u00e1znoslo llegar, llama o escribe al personal de la oficina si tienes dudas o quieres informaci\u00f3n sobre c\u00f3mo formalizar tu relaci\u00f3n con la Asociaci\u00f3n y as\u00ed ser de los primeros en inscribirte en nuestro programa de salidas interpretativas.<\/strong><\/p>\n<h2 style=\"text-align: center;\"><\/h2>\n<hr>\n","protected":false},"excerpt":{"rendered":"<p>&nbsp; &nbsp; Para satisfacer la creciente demanda social de informaci\u00f3n sobre temas ambientales es necesario recurrir, no s\u00f3lo a programas educativos, sino a proyectos de comunicaci\u00f3n dirigidos al p\u00fablico general, en los que al mismo tiempo, se profundice m\u00e1s en&#8230;<\/p>\n","protected":false},"author":1,"featured_media":0,"parent":0,"menu_order":0,"comment_status":"closed","ping_status":"closed","template":"template-fullwidth.php","meta":{"advanced_seo_description":"","jetpack_seo_html_title":"","jetpack_seo_noindex":false,"jetpack_post_was_ever_published":false,"footnotes":""},"class_list":["post-398","page","type-page","status-publish","hentry"],"jetpack-related-posts":[],"jetpack_likes_enabled":true,"jetpack_sharing_enabled":true,"_links":{"self":[{"href":"https:\/\/bosquesdecantabria.org\/wordpress\/wp-json\/wp\/v2\/pages\/398","targetHints":{"allow":["GET"]}}],"collection":[{"href":"https:\/\/bosquesdecantabria.org\/wordpress\/wp-json\/wp\/v2\/pages"}],"about":[{"href":"https:\/\/bosquesdecantabria.org\/wordpress\/wp-json\/wp\/v2\/types\/page"}],"author":[{"embeddable":true,"href":"https:\/\/bosquesdecantabria.org\/wordpress\/wp-json\/wp\/v2\/users\/1"}],"replies":[{"embeddable":true,"href":"https:\/\/bosquesdecantabria.org\/wordpress\/wp-json\/wp\/v2\/comments?post=398"}],"version-history":[{"count":120,"href":"https:\/\/bosquesdecantabria.org\/wordpress\/wp-json\/wp\/v2\/pages\/398\/revisions"}],"predecessor-version":[{"id":1082,"href":"https:\/\/bosquesdecantabria.org\/wordpress\/wp-json\/wp\/v2\/pages\/398\/revisions\/1082"}],"wp:attachment":[{"href":"https:\/\/bosquesdecantabria.org\/wordpress\/wp-json\/wp\/v2\/media?parent=398"}],"curies":[{"name":"wp","href":"https:\/\/api.w.org\/{rel}","templated":true}]}}