{"id":401,"date":"2014-11-04T16:59:56","date_gmt":"2014-11-04T16:59:56","guid":{"rendered":"http:\/\/bosquesdecantabria.org\/wordpress\/?page_id=401"},"modified":"2023-07-19T12:34:18","modified_gmt":"2023-07-19T12:34:18","slug":"viverismo-forestal","status":"publish","type":"page","link":"https:\/\/bosquesdecantabria.org\/wordpress\/viverismo-forestal\/","title":{"rendered":"VIVERISMO FORESTAL"},"content":{"rendered":"<h3 style=\"text-align: justify;\"><strong>\u00a0<em>\u00a0\u00a0La procedencia de las semillas y otros materiales de reproductor forestal, as\u00ed como la calidad ambiental de las zonas de recogida, son algunos de los puntos m\u00e1s importantes a tener en cuenta si se planea una actividad de reforestaci\u00f3n. La gen\u00e9tica de una especie forestal, de una zona biogeogr\u00e1fica determinada, va a marcar siempre la mejor respuesta ante las caracter\u00edsticas f\u00edsicas concretas del medio, disponibilidad de agua y defensas contra las enfermedades del lugar.<\/em><\/strong><\/h3>\n<h3 style=\"text-align: justify;\"><strong><em>\u00a0 \u00a0Por esta raz\u00f3n, la Asociaci\u00f3n Cultural Bosques de Cantabria cuenta con un vivero forestal, en el que se siembran y cultivan especies aut\u00f3ctonas, provenientes de semillas recolectadas en diferentes zonas del territorio c\u00e1ntabro. <\/em><\/strong><strong><em>Cualquier voluntario interesado en la materia, tiene las puertas abiertas para colaborar con las tareas del cuidado y mantenimiento de las plantas que all\u00ed se encuentran y podr\u00e1 aprender todo lo necesario de la mano de los monitores de Bosques de Cantabria.<\/em><\/strong><\/h3>\n<p><img data-recalc-dims=\"1\" loading=\"lazy\" decoding=\"async\" src=\"https:\/\/i0.wp.com\/bosquesdecantabria.org\/wordpress\/wp-content\/uploads\/2014\/11\/barra-espaciadora-bosques-de-cantabria.png?resize=980%2C72&#038;ssl=1\" alt=\"\" width=\"980\" height=\"72\" \/><\/p>\n<p><strong>\u00a0<iframe loading=\"lazy\"  style=\"display: block; margin: 0px auto;\"  id=\"_ytid_56400\"  width=\"980\" height=\"563\"  data-origwidth=\"980\" data-origheight=\"563\" src=\"https:\/\/www.youtube.com\/embed\/sjzclWKkv1I?enablejsapi=1&autoplay=0&cc_load_policy=0&cc_lang_pref=&iv_load_policy=3&loop=0&rel=0&fs=1&playsinline=0&autohide=2&theme=dark&color=red&controls=1&disablekb=0&\" class=\"__youtube_prefs__  no-lazyload\" title=\"YouTube player\"  allow=\"fullscreen; accelerometer; autoplay; clipboard-write; encrypted-media; gyroscope; picture-in-picture; web-share\" referrerpolicy=\"strict-origin-when-cross-origin\" allowfullscreen data-no-lazy=\"1\" data-skipgform_ajax_framebjll=\"\"><\/iframe><\/strong><\/p>\n<p style=\"text-align: justify;\"><strong>\u00a0<\/strong><\/p>\n<p style=\"text-align: justify;\"><strong>\u00a0 El invernadero est\u00e1 formado por una estructura met\u00e1lica que sujeta un pl\u00e1stico t\u00e9rmico que permite el desarrollo \u00f3ptimo de los j\u00f3venes ejemplares forestales, evitando de esta forma heladas tard\u00edas o las inclemencias de d\u00edas con temperaturas m\u00e1s duras. Para ello dispone de sistema de ventilaci\u00f3n, sistema de sombreo y una capa de malla antihierbas. Por otra parte, el riego autom\u00e1tico por microaspersi\u00f3n convierte el invernadero en un espacio id\u00edlico para que el crecimiento de los \u00e1rboles no se ralentice en los d\u00edas m\u00e1s secos.<\/strong><\/p>\n<p style=\"text-align: justify;\"><strong>\u00a0 \u00a0El exterior, la zona de endurecimiento de la planta, dispone de otros sistemas diferentes de riego; aspersi\u00f3n o goteo, dependiendo de la especie y ubicaci\u00f3n. Con todo este circuito, se consigue que las plantas lleguen en menos tiempo del \u201cnatural\u201d a un estado \u00f3ptimo para ser plantados en las zonas deforestadas en las que Bosques de Cantabria trabaja.<\/strong><\/p>\n<hr \/>\n<h2><strong>\u00a0CERTIFICADO DE PROCEDENCIA DE LA PLANTA: REAL DECRETO 289\/2003<\/strong><\/h2>\n<p style=\"text-align: justify;\"><strong>\u00a0 \u00a0 No solamente aseguramos que todas nuestras semillas vienen de bosques de la regi\u00f3n, sino que en algunos casos es necesario demostrarlo legalmente, por ejemplo, para realizar una plantaci\u00f3n en un territorio situado en el interior de un Parque Natural. Para estos casos espec\u00edficos, realizamos la recolecci\u00f3n de semillas de diversos \u00e1rboles y arbustos aut\u00f3ctonos recogidas en el Art\u00edculo 8 del RD 289\/2003, de 7 de marzo, sobre comercializaci\u00f3n de los materiales forestales de reproducci\u00f3n. Con la colaboraci\u00f3n del Gobierno de Cantabria, realizamos un procedimiento de recolecci\u00f3n bajo la vigilancia del servicio de guarder\u00eda forestal y cumpliendo los tr\u00e1mites oportunos determinados por la Administraci\u00f3n para la obtenci\u00f3n del \u201ccertificado de patr\u00f3n\u201d de dichas especies.<\/strong><\/p>\n<p style=\"text-align: justify;\">\u00a0 \u00a0<strong>Con estos esfuerzos ayudamos a que, en el futuro, se puedan utilizar los Parques Naturales como un complemento a los bancos de material gen\u00e9tico de cada regi\u00f3n, controlando la trazabilidad de cada material gen\u00e9tico incorporado para su restauraci\u00f3n o conservaci\u00f3n. \u00a0\u00a0<\/strong><\/p>\n<p><img data-recalc-dims=\"1\" loading=\"lazy\" decoding=\"async\" class=\"aligncenter size-full wp-image-875\" src=\"https:\/\/i0.wp.com\/bosquesdecantabria.org\/wordpress\/wp-content\/uploads\/2015\/11\/viverismo-2.jpg?resize=980%2C337&#038;ssl=1\" alt=\"viverismo 2\" width=\"980\" height=\"337\" srcset=\"https:\/\/i0.wp.com\/bosquesdecantabria.org\/wordpress\/wp-content\/uploads\/2015\/11\/viverismo-2.jpg?w=1024&amp;ssl=1 1024w, https:\/\/i0.wp.com\/bosquesdecantabria.org\/wordpress\/wp-content\/uploads\/2015\/11\/viverismo-2.jpg?resize=300%2C103&amp;ssl=1 300w, https:\/\/i0.wp.com\/bosquesdecantabria.org\/wordpress\/wp-content\/uploads\/2015\/11\/viverismo-2.jpg?resize=980%2C336&amp;ssl=1 980w, https:\/\/i0.wp.com\/bosquesdecantabria.org\/wordpress\/wp-content\/uploads\/2015\/11\/viverismo-2.jpg?resize=550%2C189&amp;ssl=1 550w\" sizes=\"auto, (max-width: 980px) 100vw, 980px\" \/><\/p>\n<hr \/>\n<h2><strong>REALIZANDO EL CICLO COMPLETO DE UNO DE NUESTROS EJEMPLARES<\/strong><\/h2>\n<p style=\"text-align: justify;\"><strong>\u00a0 \u00a0A continuaci\u00f3n se puede ver un peque\u00f1o v\u00eddeo que resume todo el proceso por el que pasa un \u00e1rbol de los utilizados por Bosques de Cantabria, desde el momento en que la semilla cae del \u00e1rbol y es recogida por un miembro de la Asociaci\u00f3n, hasta el d\u00eda en que el \u00e1rbol que ha nacido de esa semilla es plantado en una zona deforestada.<\/strong><\/p>\n<iframe loading=\"lazy\"  style=\"display: block; margin: 0px auto;\"  id=\"_ytid_27416\"  width=\"980\" height=\"563\"  data-origwidth=\"980\" data-origheight=\"563\" src=\"https:\/\/www.youtube.com\/embed\/lsSQsQQ5ojU?enablejsapi=1&autoplay=0&cc_load_policy=0&cc_lang_pref=&iv_load_policy=3&loop=0&rel=0&fs=1&playsinline=0&autohide=2&theme=dark&color=red&controls=1&disablekb=0&\" class=\"__youtube_prefs__  no-lazyload\" title=\"YouTube player\"  allow=\"fullscreen; accelerometer; autoplay; clipboard-write; encrypted-media; gyroscope; picture-in-picture; web-share\" referrerpolicy=\"strict-origin-when-cross-origin\" allowfullscreen data-no-lazy=\"1\" data-skipgform_ajax_framebjll=\"\"><\/iframe>\n<hr \/>\n<h2 style=\"text-align: right;\"><a href=\"https:\/\/bosquesdecantabria.org\/wordpress\/por-que-especies-autoctonas\/\" target=\"_blank\" rel=\"noopener\">POR QU\u00c9 ESPECIES AUT\u00d3CTONAS<\/a><\/h2>\n<h2 style=\"text-align: right;\"><a href=\"https:\/\/bosquesdecantabria.org\/wordpress\/especies-autoctonas\/\" target=\"_blank\" rel=\"noopener\">DE D\u00d3NDE PROVIENEN NUESTROS \u00c1RBOLES<\/a><\/h2>\n<h2 style=\"text-align: right;\"><a href=\"https:\/\/bosquesdecantabria.org\/wordpress\/como-elegir-especie-autoctona\/\" target=\"_blank\" rel=\"noopener\">C\u00d3MO ELEGIR LA ESPECIE ADECUADA<\/a><\/h2>\n<h2 style=\"text-align: right;\"><a href=\"https:\/\/bosquesdecantabria.org\/wordpress\/comprar-arboles-en-cantabria\/\" target=\"_blank\" rel=\"noopener\">5 MOTIVOS POR LOS QUE ELEGIR \u00c1RBOLES DE BOSQUES DE CANTABRIA<\/a><\/h2>\n<h2 style=\"text-align: right;\"><a href=\"https:\/\/bosquesdecantabria.org\/wordpress\/comprar-arboles-cantabria\/\" target=\"_blank\" rel=\"noopener\">C\u00d3MO CONSEGUIR \u00c1RBOLES DE BOSQUES DE CANTABRIA<\/a><\/h2>\n","protected":false},"excerpt":{"rendered":"<p>\u00a0\u00a0\u00a0La procedencia de las semillas y otros materiales de reproductor forestal, as\u00ed como la calidad ambiental de las zonas de recogida, son algunos de los puntos m\u00e1s importantes a tener en cuenta si se planea una actividad de reforestaci\u00f3n. La&#8230;<\/p>\n","protected":false},"author":1,"featured_media":0,"parent":0,"menu_order":0,"comment_status":"closed","ping_status":"closed","template":"template-fullwidth.php","meta":{"advanced_seo_description":"","jetpack_seo_html_title":"","jetpack_seo_noindex":false,"jetpack_post_was_ever_published":false,"footnotes":""},"class_list":["post-401","page","type-page","status-publish","hentry"],"jetpack-related-posts":[],"jetpack_likes_enabled":true,"jetpack_sharing_enabled":true,"_links":{"self":[{"href":"https:\/\/bosquesdecantabria.org\/wordpress\/wp-json\/wp\/v2\/pages\/401","targetHints":{"allow":["GET"]}}],"collection":[{"href":"https:\/\/bosquesdecantabria.org\/wordpress\/wp-json\/wp\/v2\/pages"}],"about":[{"href":"https:\/\/bosquesdecantabria.org\/wordpress\/wp-json\/wp\/v2\/types\/page"}],"author":[{"embeddable":true,"href":"https:\/\/bosquesdecantabria.org\/wordpress\/wp-json\/wp\/v2\/users\/1"}],"replies":[{"embeddable":true,"href":"https:\/\/bosquesdecantabria.org\/wordpress\/wp-json\/wp\/v2\/comments?post=401"}],"version-history":[{"count":30,"href":"https:\/\/bosquesdecantabria.org\/wordpress\/wp-json\/wp\/v2\/pages\/401\/revisions"}],"predecessor-version":[{"id":1221,"href":"https:\/\/bosquesdecantabria.org\/wordpress\/wp-json\/wp\/v2\/pages\/401\/revisions\/1221"}],"wp:attachment":[{"href":"https:\/\/bosquesdecantabria.org\/wordpress\/wp-json\/wp\/v2\/media?parent=401"}],"curies":[{"name":"wp","href":"https:\/\/api.w.org\/{rel}","templated":true}]}}