{"id":525,"date":"2015-10-16T08:55:18","date_gmt":"2015-10-16T08:55:18","guid":{"rendered":"http:\/\/bosquesdecantabria.org\/wordpress\/?page_id=525"},"modified":"2024-06-27T11:08:04","modified_gmt":"2024-06-27T09:08:04","slug":"arboreto-de-liendo","status":"publish","type":"page","link":"https:\/\/bosquesdecantabria.org\/wordpress\/arboreto-de-liendo\/","title":{"rendered":"CENTRO DE INTERPRETACI\u00d3N DEL BOSQUE Y ARBORETO DE LIENDO"},"content":{"rendered":"<h3 style=\"text-align: justify;\"><em><strong>\u00a0 \u00a0El Arboreto de Liendo es un peque\u00f1o jard\u00edn bot\u00e1nico compuesto por especies provenientes de los diferentes continentes, abierto al p\u00fablico, localizado en el barrio de <a title=\"Mollaneda\" href=\"https:\/\/es.wikipedia.org\/wiki\/Mollaneda\">Mollaneda<\/a> de <a href=\"https:\/\/es.wikipedia.org\/wiki\/Liendo\" target=\"_blank\" rel=\"noopener noreferrer\">Liendo<\/a> y propiedad del excelent\u00edsimo ayuntamiento de dicho municipio. <\/strong><\/em><\/h3>\n<h3 style=\"text-align: justify;\"><em><strong>\u00a0 \u00a0 El Arboreto cuenta con un Centro de Interpretaci\u00f3n del Bosque, en la ermita de San Roque (S. XVI), punto de partida de multitud de actividades de educaci\u00f3n ambiental que la Asociaci\u00f3n Cultural Bosques de Cantabria realiza con la colaboraci\u00f3n del ayuntamiento.\u00a0<\/strong><\/em><\/h3>\n<p style=\"text-align: justify;\"><img data-recalc-dims=\"1\" loading=\"lazy\" decoding=\"async\" src=\"https:\/\/i0.wp.com\/bosquesdecantabria.org\/wordpress\/wp-content\/uploads\/2014\/11\/barra-espaciadora-bosques-de-cantabria.png?resize=980%2C72&#038;ssl=1\" alt=\"\" width=\"980\" height=\"72\" \/><\/p>\n<p>&nbsp;<\/p>\n<iframe loading=\"lazy\"  style=\"display: block; margin: 0px auto;\"  id=\"_ytid_67558\"  width=\"980\" height=\"563\"  data-origwidth=\"980\" data-origheight=\"563\" src=\"https:\/\/www.youtube.com\/embed\/i76M5LYFEpA?enablejsapi=1&autoplay=0&cc_load_policy=0&cc_lang_pref=&iv_load_policy=3&loop=0&rel=0&fs=1&playsinline=0&autohide=2&theme=dark&color=red&controls=1&disablekb=0&\" class=\"__youtube_prefs__  no-lazyload\" title=\"YouTube player\"  allow=\"fullscreen; accelerometer; autoplay; clipboard-write; encrypted-media; gyroscope; picture-in-picture; web-share\" referrerpolicy=\"strict-origin-when-cross-origin\" allowfullscreen data-no-lazy=\"1\" data-skipgform_ajax_framebjll=\"\"><\/iframe>\n<p>&nbsp;<\/p>\n<p style=\"text-align: justify;\"><strong>\u00a0 El principal acceso al Arboreto est\u00e1 localizado junto a la carretera nacional N-634, tras abandonar Liendo en direcci\u00f3n a Bilbao. <a href=\"https:\/\/www.google.com\/maps\/d\/viewer?mid=zcEROUDNcxjg.kxCuLG4Slu9Q&amp;hl=en_US\" target=\"_blank\" rel=\"noopener noreferrer\">(Ver mapa)<\/a> Este espacio p\u00fablico fue rehabilitado por el Ayuntamiento de Liendo gracias a un proyecto de puesta en valor del espacio natural y dise\u00f1o del parque de El Arboreto, del ingeniero agr\u00f3nomo D. Francisco Javier Rodr\u00edguez, contando con una zona de descanso y ocio, muy frecuentada los meses de verano por peregrinos del Camino de Santiago y por visitantes amantes de la naturaleza. El Arboreto cuenta hoy con un Centro de Interpretaci\u00f3n que complementa la visita, dando a conocer la historia y los distintos tipos de bosque que esconde la comarca del As\u00f3n-Ag\u00fcera.<\/strong><\/p>\n<p style=\"text-align: justify;\"><strong>\u00a0 La Asociaci\u00f3n Cultural Bosques de Cantabria, gracias a un convenio de colaboraci\u00f3n con el Ayuntamiento de Liendo, lleva desde 2013 gestionando el uso p\u00fablico de este singular espacio y realizando visitas guiadas al Arboreto y a su Centro de Interpretaci\u00f3n. A trav\u00e9s de estas visitas se pretende divulgar tanto la importancia y riqueza de los bosques aut\u00f3ctonos de Cantabria como la extraordinaria biodiversidad vegetal de las distintas regiones del Mundo.<em id=\"__mceDel\"><br \/>\n<\/em><\/strong><\/p>\n<p style=\"text-align: center;\"><a href=\"https:\/\/i0.wp.com\/bosquesdecantabria.org\/wordpress\/wp-content\/uploads\/2015\/10\/Centro-de-interpretaci%C3%B3n-del-bosque-liendo-bosques2.jpg?ssl=1\"><img data-recalc-dims=\"1\" loading=\"lazy\" decoding=\"async\" class=\"size-full wp-image-537 aligncenter\" src=\"https:\/\/i0.wp.com\/bosquesdecantabria.org\/wordpress\/wp-content\/uploads\/2015\/10\/Centro-de-interpretaci%C3%B3n-del-bosque-liendo-bosques2.jpg?resize=980%2C378&#038;ssl=1\" alt=\"bosques de cantabria asociacion cultural liendo\" width=\"980\" height=\"378\" srcset=\"https:\/\/i0.wp.com\/bosquesdecantabria.org\/wordpress\/wp-content\/uploads\/2015\/10\/Centro-de-interpretaci%C3%B3n-del-bosque-liendo-bosques2.jpg?w=1024&amp;ssl=1 1024w, https:\/\/i0.wp.com\/bosquesdecantabria.org\/wordpress\/wp-content\/uploads\/2015\/10\/Centro-de-interpretaci%C3%B3n-del-bosque-liendo-bosques2.jpg?resize=300%2C115&amp;ssl=1 300w, https:\/\/i0.wp.com\/bosquesdecantabria.org\/wordpress\/wp-content\/uploads\/2015\/10\/Centro-de-interpretaci%C3%B3n-del-bosque-liendo-bosques2.jpg?resize=980%2C378&amp;ssl=1 980w, https:\/\/i0.wp.com\/bosquesdecantabria.org\/wordpress\/wp-content\/uploads\/2015\/10\/Centro-de-interpretaci%C3%B3n-del-bosque-liendo-bosques2.jpg?resize=550%2C212&amp;ssl=1 550w\" sizes=\"auto, (max-width: 980px) 100vw, 980px\" \/><\/a><\/p>\n<p style=\"text-align: justify;\"><strong>\u00a0 \u00a0Hoy en d\u00eda sabemos que los bosques son uno de los elementos m\u00e1s caracter\u00edsticos y a la vez m\u00e1s amenazados del paisaje c\u00e1ntabro. Representan un h\u00e1bitat fascinante y complejo; en su interior conviven en equilibrio animales y plantas, formando uno de los ecosistemas m\u00e1s valiosos y cercanos a la poblaci\u00f3n de Cantabria. Con el objetivo de divulgar este rico patrimonio natural, se pone a disposici\u00f3n del visitante el<strong> Centro de Interpretaci\u00f3n del Bosque, donde se muestran una serie de paneles explicativos y material expositivo que da a conocer los distintos tipos de bosques y sus usos tradicionales, as\u00ed como sus funciones ecol\u00f3gicas o la mitolog\u00eda tradicional asociada a ellos.<\/strong><\/strong><\/p>\n<p style=\"text-align: justify;\">\u00a0 \u00a0<strong>Bosques de Cantabria, en el marco de las jornadas de voluntariado ambiental que viene realizando en la comarca, complementa este espacio con material audiovisual y exposiciones cient\u00edficas, dise\u00f1adas expresamente para este centro con la intenci\u00f3n de acercar el Arboreto a la mayor cantidad de gente posible, incluyendo colectivos de personas con alguna discapacidad.\u00a0<\/strong><\/p>\n<p><a href=\"https:\/\/i0.wp.com\/bosquesdecantabria.org\/wordpress\/wp-content\/uploads\/2015\/10\/Centro-de-interpretaci%C3%B3n-del-bosque-liendo-bosques-22.jpg?ssl=1\"><img data-recalc-dims=\"1\" loading=\"lazy\" decoding=\"async\" class=\"size-full wp-image-536 \" src=\"https:\/\/i0.wp.com\/bosquesdecantabria.org\/wordpress\/wp-content\/uploads\/2015\/10\/Centro-de-interpretaci%C3%B3n-del-bosque-liendo-bosques-22.jpg?resize=980%2C378&#038;ssl=1\" alt=\"bosques cantabria liendo naturaleza\" width=\"980\" height=\"378\" srcset=\"https:\/\/i0.wp.com\/bosquesdecantabria.org\/wordpress\/wp-content\/uploads\/2015\/10\/Centro-de-interpretaci%C3%B3n-del-bosque-liendo-bosques-22.jpg?w=1024&amp;ssl=1 1024w, https:\/\/i0.wp.com\/bosquesdecantabria.org\/wordpress\/wp-content\/uploads\/2015\/10\/Centro-de-interpretaci%C3%B3n-del-bosque-liendo-bosques-22.jpg?resize=300%2C115&amp;ssl=1 300w, https:\/\/i0.wp.com\/bosquesdecantabria.org\/wordpress\/wp-content\/uploads\/2015\/10\/Centro-de-interpretaci%C3%B3n-del-bosque-liendo-bosques-22.jpg?resize=980%2C378&amp;ssl=1 980w, https:\/\/i0.wp.com\/bosquesdecantabria.org\/wordpress\/wp-content\/uploads\/2015\/10\/Centro-de-interpretaci%C3%B3n-del-bosque-liendo-bosques-22.jpg?resize=550%2C212&amp;ssl=1 550w\" sizes=\"auto, (max-width: 980px) 100vw, 980px\" \/><\/a><\/p>\n<p style=\"text-align: justify;\"><strong><span style=\"font-size: 1em; text-align: justify;\">Las visitas guiadas al Arboreto y al Centro de Interpretaci\u00f3n del Bosque est\u00e1n destinadas tanto a personas particulares o familias como a centros escolares u otros colectivos. <\/span><\/strong><\/p>\n<p><strong>Durante los meses de JULIO y AGOSTO se realizar\u00e1n visitas guiadas gratuitas. Para participar en ellas es imprescindible RESERVAR plaza antes de las 20:00 h del d\u00eda anterior llamando por tel\u00e9fono a los n\u00fameros 621 201 536 \u00f3 609 668 673, donde tambi\u00e9n se facilitar\u00e1 toda la informaci\u00f3n adicional que se solicite. Los horarios de visita ser\u00e1n, de martes a viernes, a las 12:00 h y a las 18:00 h. Los s\u00e1bados \u00fanicamente se realizar\u00e1 la visita de las 12:00 h.<\/strong><\/p>\n<p><strong>El resto del a\u00f1o, las visitas para grupos y centros escolares se concertar\u00e1n previamente a trav\u00e9s del correo electr\u00f3nico de la asociaci\u00f3n (<em>info@bosquesdecantabria.org<\/em>) o llamando a los tel\u00e9fonos 942 60 51 69 \u00f3 609 668 673.<\/strong><strong><span style=\"font-size: 1em; text-align: justify;\"> De esta manera se les confirmar\u00e1 la disponibilidad de visitas y se har\u00e1 la correspondiente reserva.<\/span><\/strong><\/p>\n<h2><em><span style=\"color: #339966;\"><a style=\"color: #339966;\" href=\"https:\/\/bosquesdecantabria.org\/wordpress\/el-arboreto-de-liendo\/\">Pincha aqu\u00ed para acceder a la informaci\u00f3n en el Blog 2024<\/a><\/span><\/em><\/h2>\n<p style=\"text-align: justify;\"><iframe loading=\"lazy\"  style=\"display: block; margin: 0px auto;\"  id=\"_ytid_46990\"  width=\"980\" height=\"563\"  data-origwidth=\"980\" data-origheight=\"563\" src=\"https:\/\/www.youtube.com\/embed\/a8CjxyNFvYw?enablejsapi=1&autoplay=0&cc_load_policy=0&cc_lang_pref=&iv_load_policy=3&loop=0&rel=0&fs=1&playsinline=0&autohide=2&theme=dark&color=red&controls=1&disablekb=0&\" class=\"__youtube_prefs__  no-lazyload\" title=\"YouTube player\"  allow=\"fullscreen; accelerometer; autoplay; clipboard-write; encrypted-media; gyroscope; picture-in-picture; web-share\" referrerpolicy=\"strict-origin-when-cross-origin\" allowfullscreen data-no-lazy=\"1\" data-skipgform_ajax_framebjll=\"\"><\/iframe>\n","protected":false},"excerpt":{"rendered":"<p>\u00a0 \u00a0El Arboreto de Liendo es un peque\u00f1o jard\u00edn bot\u00e1nico compuesto por especies provenientes de los diferentes continentes, abierto al p\u00fablico, localizado en el barrio de Mollaneda de Liendo y propiedad del excelent\u00edsimo ayuntamiento de dicho municipio. \u00a0 \u00a0 El&#8230;<\/p>\n","protected":false},"author":1,"featured_media":1236,"parent":0,"menu_order":0,"comment_status":"closed","ping_status":"closed","template":"template-fullwidth.php","meta":{"advanced_seo_description":"","jetpack_seo_html_title":"","jetpack_seo_noindex":false,"jetpack_post_was_ever_published":false,"footnotes":""},"class_list":["post-525","page","type-page","status-publish","has-post-thumbnail","hentry"],"jetpack-related-posts":[],"jetpack_likes_enabled":true,"jetpack_sharing_enabled":true,"_links":{"self":[{"href":"https:\/\/bosquesdecantabria.org\/wordpress\/wp-json\/wp\/v2\/pages\/525","targetHints":{"allow":["GET"]}}],"collection":[{"href":"https:\/\/bosquesdecantabria.org\/wordpress\/wp-json\/wp\/v2\/pages"}],"about":[{"href":"https:\/\/bosquesdecantabria.org\/wordpress\/wp-json\/wp\/v2\/types\/page"}],"author":[{"embeddable":true,"href":"https:\/\/bosquesdecantabria.org\/wordpress\/wp-json\/wp\/v2\/users\/1"}],"replies":[{"embeddable":true,"href":"https:\/\/bosquesdecantabria.org\/wordpress\/wp-json\/wp\/v2\/comments?post=525"}],"version-history":[{"count":51,"href":"https:\/\/bosquesdecantabria.org\/wordpress\/wp-json\/wp\/v2\/pages\/525\/revisions"}],"predecessor-version":[{"id":1635,"href":"https:\/\/bosquesdecantabria.org\/wordpress\/wp-json\/wp\/v2\/pages\/525\/revisions\/1635"}],"wp:featuredmedia":[{"embeddable":true,"href":"https:\/\/bosquesdecantabria.org\/wordpress\/wp-json\/wp\/v2\/media\/1236"}],"wp:attachment":[{"href":"https:\/\/bosquesdecantabria.org\/wordpress\/wp-json\/wp\/v2\/media?parent=525"}],"curies":[{"name":"wp","href":"https:\/\/api.w.org\/{rel}","templated":true}]}}