{"id":641,"date":"2015-10-29T09:04:14","date_gmt":"2015-10-29T09:04:14","guid":{"rendered":"http:\/\/bosquesdecantabria.org\/wordpress\/?page_id=641"},"modified":"2023-07-21T14:05:27","modified_gmt":"2023-07-21T12:05:27","slug":"ecosistemas-de-laredo","status":"publish","type":"page","link":"https:\/\/bosquesdecantabria.org\/wordpress\/ecosistemas-de-laredo\/","title":{"rendered":"Trabajando con los ecosistemas de un solo Municipio"},"content":{"rendered":"<h1 style=\"text-align: center;\"><span style=\"font-size: large;\"><strong>V CAMPA\u00d1A EDUCATIVA DE CONOCIMIENTO DEL MEDIO NATURAL DE LAREDO<\/strong><\/span><\/h1>\n<h3 style=\"text-align: justify;\"><strong>\u00a0 \u00a0El objetivo de este proyecto, del que ya se han llevado a cabo cinco ediciones, es el de mejorar los conocimientos que los ciudadanos del Municipio tienen de su medio natural, a trav\u00e9s de la informaci\u00f3n elaborada por los escolares de primaria y secundaria.<\/strong><\/h3>\n<h3 style=\"text-align: justify;\"><strong>\u00a0 \u00a0En el Municipio de Laredo, estas campa\u00f1as se enmarcan en el proyecto \u00ab<em>Laredo, Municipio Educativo<\/em>\u00bb y han sido desarrolladas por los t\u00e9cnicos de la Asociaci\u00f3n Bosques de Cantabria, contando con la colaboraci\u00f3n del Exmo. Ayuntamiento de Laredo.<a href=\"https:\/\/i0.wp.com\/bosquesdecantabria.org\/wordpress\/wp-content\/uploads\/2014\/11\/barra-espaciadora-bosques-de-cantabria.png?ssl=1\"><img data-recalc-dims=\"1\" loading=\"lazy\" decoding=\"async\" class=\"aligncenter size-full wp-image-461\" src=\"https:\/\/i0.wp.com\/bosquesdecantabria.org\/wordpress\/wp-content\/uploads\/2014\/11\/barra-espaciadora-bosques-de-cantabria.png?resize=980%2C72&#038;ssl=1\" alt=\"barra espaciadora bosques de cantabria\" width=\"980\" height=\"72\" srcset=\"https:\/\/i0.wp.com\/bosquesdecantabria.org\/wordpress\/wp-content\/uploads\/2014\/11\/barra-espaciadora-bosques-de-cantabria.png?w=1024&amp;ssl=1 1024w, https:\/\/i0.wp.com\/bosquesdecantabria.org\/wordpress\/wp-content\/uploads\/2014\/11\/barra-espaciadora-bosques-de-cantabria.png?resize=300%2C21&amp;ssl=1 300w, https:\/\/i0.wp.com\/bosquesdecantabria.org\/wordpress\/wp-content\/uploads\/2014\/11\/barra-espaciadora-bosques-de-cantabria.png?resize=980%2C71&amp;ssl=1 980w, https:\/\/i0.wp.com\/bosquesdecantabria.org\/wordpress\/wp-content\/uploads\/2014\/11\/barra-espaciadora-bosques-de-cantabria.png?resize=550%2C40&amp;ssl=1 550w\" sizes=\"auto, (max-width: 980px) 100vw, 980px\" \/><\/a><\/strong><\/h3>\n<p>&nbsp;<\/p>\n<p style=\"text-align: center;\"><img data-recalc-dims=\"1\" loading=\"lazy\" decoding=\"async\" class=\"aligncenter size-full wp-image-649\" src=\"https:\/\/i0.wp.com\/bosquesdecantabria.org\/wordpress\/wp-content\/uploads\/2015\/10\/Laredo-fino-fullwitch.jpg?resize=980%2C337&#038;ssl=1\" alt=\"Laredo fino fullwitch\" width=\"980\" height=\"337\" srcset=\"https:\/\/i0.wp.com\/bosquesdecantabria.org\/wordpress\/wp-content\/uploads\/2015\/10\/Laredo-fino-fullwitch.jpg?w=1024&amp;ssl=1 1024w, https:\/\/i0.wp.com\/bosquesdecantabria.org\/wordpress\/wp-content\/uploads\/2015\/10\/Laredo-fino-fullwitch.jpg?resize=300%2C103&amp;ssl=1 300w, https:\/\/i0.wp.com\/bosquesdecantabria.org\/wordpress\/wp-content\/uploads\/2015\/10\/Laredo-fino-fullwitch.jpg?resize=980%2C336&amp;ssl=1 980w, https:\/\/i0.wp.com\/bosquesdecantabria.org\/wordpress\/wp-content\/uploads\/2015\/10\/Laredo-fino-fullwitch.jpg?resize=550%2C189&amp;ssl=1 550w\" sizes=\"auto, (max-width: 980px) 100vw, 980px\" \/><\/p>\n<p style=\"text-align: justify;\"><strong>\u00a0 \u00a0El desarrollo de las actividades comienza con el estudio en las aulas, enfocado en que en cada centro escolar trabaje uno de los ecosistemas del municipio. Para el caso del Municipio de Laredo: bosques caducifolios, encinares cant\u00e1bricos, playas y dunas, marismas, acantilados y rasas intermareales, landas atl\u00e1nticas, campi\u00f1a y vegetaci\u00f3n de ribera. Para conocer cada ecosistema, la campa\u00f1a contempla jornadas de trabajo en las aulas con t\u00e9cnicos ambientales, salidas de campo educativas con monitores, la elaboraci\u00f3n de cuadernos de campo espec\u00edficos y b\u00fasqueda de informaci\u00f3n complementaria en Internet.<\/strong><\/p>\n<p style=\"text-align: justify;\"><strong>\u00a0 \u00a0Para el resto de vecinos del Municipio y para el resto de p\u00fablico interesado, se llevan a cabo salidas de campo guiadas por los espacios naturales del Municipio. El objetivo de estas salidas es el de poner en valor los espacios naturales que nos rodean y que habitualmente no sabemos apreciar y no valoramos, posiblemente por falta de conocimiento de la importancia que tiene la vegetaci\u00f3n y fauna caracter\u00edstica de estos ecosistemas.<\/strong><\/p>\n<p style=\"text-align: justify;\"><a href=\"https:\/\/bosquesdecantabria.org\/wordpress\/wp-content\/uploads\/2015\/10\/Presentacion-Centros-Bosques-caducifolios.pdf\" target=\"_blank\" rel=\"noopener noreferrer\"><img data-recalc-dims=\"1\" loading=\"lazy\" decoding=\"async\" class=\"aligncenter size-full wp-image-690\" src=\"https:\/\/i0.wp.com\/bosquesdecantabria.org\/wordpress\/wp-content\/uploads\/2015\/10\/Laredo-fino3-fullwitch.jpg?resize=980%2C313&#038;ssl=1\" alt=\"Laredo fino3 fullwitch\" width=\"980\" height=\"313\" srcset=\"https:\/\/i0.wp.com\/bosquesdecantabria.org\/wordpress\/wp-content\/uploads\/2015\/10\/Laredo-fino3-fullwitch.jpg?w=1024&amp;ssl=1 1024w, https:\/\/i0.wp.com\/bosquesdecantabria.org\/wordpress\/wp-content\/uploads\/2015\/10\/Laredo-fino3-fullwitch.jpg?resize=300%2C95&amp;ssl=1 300w, https:\/\/i0.wp.com\/bosquesdecantabria.org\/wordpress\/wp-content\/uploads\/2015\/10\/Laredo-fino3-fullwitch.jpg?resize=980%2C312&amp;ssl=1 980w, https:\/\/i0.wp.com\/bosquesdecantabria.org\/wordpress\/wp-content\/uploads\/2015\/10\/Laredo-fino3-fullwitch.jpg?resize=550%2C175&amp;ssl=1 550w\" sizes=\"auto, (max-width: 980px) 100vw, 980px\" \/><\/a><\/p>\n<p style=\"text-align: justify;\"><strong>\u00a0 \u00a0Al continuaci\u00f3n se puede visualizar el trabajo que se llev\u00f3 a cabo con la \u00faltima Campa\u00f1a Educativa, en la que\u00a0participaron\u00a0122 alumnos de los \u00faltimos cursos de los colegios Villa del\u00a0Mar, Pablo Picasso, y Pepe Alba, San Vicente de Pa\u00fal y el Instituto de Educaci\u00f3n Secundaria Bernardino de Escalante. Los alumnos participaron a lo largo de la campa\u00f1a, en la grabaci\u00f3n de un documental de 50 minutos, en el que los j\u00f3venes act\u00faan como reporteros, ofreciendo informaci\u00f3n sobre la biodiversidad de las diferentes zonas ambientales del Municipio.\u00a0<\/strong><strong>El documental simula un despliegue period\u00edstico coordinado desde unos estudios centrales, contando en todo momento con el apoyo de un helic\u00f3ptero que sobrevuela las diferentes zonas, para ofrecer informaci\u00f3n rigurosa, pero de forma desenfadada, sobre las caracter\u00edsticas, origen y diversidad de seres vivos propios de cada ecosistema.<\/strong><\/p>\n<h3 style=\"text-align: justify;\"><\/h3>\n<p style=\"text-align: center;\"><img data-recalc-dims=\"1\" loading=\"lazy\" decoding=\"async\" class=\"aligncenter size-full wp-image-663\" src=\"https:\/\/i0.wp.com\/bosquesdecantabria.org\/wordpress\/wp-content\/uploads\/2015\/10\/Laredo-fino-2-fullwitch.jpg?resize=980%2C337&#038;ssl=1\" alt=\"Laredo fino 2 fullwitch\" width=\"980\" height=\"337\" srcset=\"https:\/\/i0.wp.com\/bosquesdecantabria.org\/wordpress\/wp-content\/uploads\/2015\/10\/Laredo-fino-2-fullwitch.jpg?w=1024&amp;ssl=1 1024w, https:\/\/i0.wp.com\/bosquesdecantabria.org\/wordpress\/wp-content\/uploads\/2015\/10\/Laredo-fino-2-fullwitch.jpg?resize=300%2C103&amp;ssl=1 300w, https:\/\/i0.wp.com\/bosquesdecantabria.org\/wordpress\/wp-content\/uploads\/2015\/10\/Laredo-fino-2-fullwitch.jpg?resize=980%2C336&amp;ssl=1 980w, https:\/\/i0.wp.com\/bosquesdecantabria.org\/wordpress\/wp-content\/uploads\/2015\/10\/Laredo-fino-2-fullwitch.jpg?resize=550%2C189&amp;ssl=1 550w\" sizes=\"auto, (max-width: 980px) 100vw, 980px\" \/><\/p>\n<hr \/>\n<h3 style=\"text-align: justify;\"><\/h3>\n<h2><strong><a href=\"https:\/\/vimeo.com\/130616784\" target=\"_blank\" rel=\"noopener noreferrer\">TRABAJO FINAL DE LA QUINTA CAMPA\u00d1A: CORTOMETRAJE \u00abLOS TESOROS NATURALES DE LAREDO\u00bb<\/a><\/strong><\/h2>\n<p style=\"text-align: justify;\"><strong>\u00a0 \u00a0<strong>\u00a0Al terminar la campa\u00f1a, los centros educativos del Municipio, son invitados a un espacio p\u00fablico, sal\u00f3n de actos o casa de cultura, donde se pone en com\u00fan el trabajo realizado por de una forma amena y llamativa para los alumnos y sus familiares y amigos.\u00a0<\/strong>El cortometraje, que se estren\u00f3 con mucho \u00e9xito de convocatoria en el Cine Municipal, llam\u00f3 la atenci\u00f3n de maestros y profesores, a los que se les obsequi\u00f3 con una copia en DVD de la cinta para poder utilizarlo con comodidad en el desarrollo de su trabajo docente. Tambi\u00e9n se volc\u00f3 en las redes sociales y en los principales portales de v\u00eddeo de internet, para uso y disfrute de todos los vecinos interesados en la naturaleza del lugar.<\/strong><\/p>\n<p><iframe loading=\"lazy\" title=\"Los Tesoros Naturales de Laredo (1 de 3)\" src=\"https:\/\/player.vimeo.com\/video\/130616784?dnt=1&amp;app_id=122963\" width=\"980\" height=\"551\" frameborder=\"0\" allow=\"autoplay; fullscreen; picture-in-picture\" allowfullscreen><\/iframe><\/p>\n<hr \/>\n<h3 style=\"text-align: justify;\"><\/h3>\n<p>&nbsp;<\/p>\n<p>&nbsp;<\/p>\n<p>&nbsp;<\/p>\n","protected":false},"excerpt":{"rendered":"<p>V CAMPA\u00d1A EDUCATIVA DE CONOCIMIENTO DEL MEDIO NATURAL DE LAREDO \u00a0 \u00a0El objetivo de este proyecto, del que ya se han llevado a cabo cinco ediciones, es el de mejorar los conocimientos que los ciudadanos del Municipio tienen de su&#8230;<\/p>\n","protected":false},"author":1,"featured_media":0,"parent":0,"menu_order":0,"comment_status":"closed","ping_status":"closed","template":"template-fullwidth.php","meta":{"advanced_seo_description":"","jetpack_seo_html_title":"","jetpack_seo_noindex":false,"jetpack_post_was_ever_published":false,"footnotes":""},"class_list":["post-641","page","type-page","status-publish","hentry"],"jetpack-related-posts":[],"jetpack_likes_enabled":true,"jetpack_sharing_enabled":true,"_links":{"self":[{"href":"https:\/\/bosquesdecantabria.org\/wordpress\/wp-json\/wp\/v2\/pages\/641","targetHints":{"allow":["GET"]}}],"collection":[{"href":"https:\/\/bosquesdecantabria.org\/wordpress\/wp-json\/wp\/v2\/pages"}],"about":[{"href":"https:\/\/bosquesdecantabria.org\/wordpress\/wp-json\/wp\/v2\/types\/page"}],"author":[{"embeddable":true,"href":"https:\/\/bosquesdecantabria.org\/wordpress\/wp-json\/wp\/v2\/users\/1"}],"replies":[{"embeddable":true,"href":"https:\/\/bosquesdecantabria.org\/wordpress\/wp-json\/wp\/v2\/comments?post=641"}],"version-history":[{"count":70,"href":"https:\/\/bosquesdecantabria.org\/wordpress\/wp-json\/wp\/v2\/pages\/641\/revisions"}],"predecessor-version":[{"id":1299,"href":"https:\/\/bosquesdecantabria.org\/wordpress\/wp-json\/wp\/v2\/pages\/641\/revisions\/1299"}],"wp:attachment":[{"href":"https:\/\/bosquesdecantabria.org\/wordpress\/wp-json\/wp\/v2\/media?parent=641"}],"curies":[{"name":"wp","href":"https:\/\/api.w.org\/{rel}","templated":true}]}}