{"id":977,"date":"2016-06-15T09:35:22","date_gmt":"2016-06-15T09:35:22","guid":{"rendered":"http:\/\/bosquesdecantabria.org\/wordpress\/?page_id=977"},"modified":"2025-12-30T21:11:24","modified_gmt":"2025-12-30T19:11:24","slug":"reforesta","status":"publish","type":"page","link":"https:\/\/bosquesdecantabria.org\/wordpress\/reforesta\/","title":{"rendered":"REFORESTA: BOSQUES FRENTE AL CAMBIO CLIM\u00c1TICO"},"content":{"rendered":"<div class=\"\" data-block=\"true\" data-editor=\"cjkv4\" data-offset-key=\"fq3v3-0-0\">\n<div class=\"_1mf _1mj\" data-offset-key=\"fq3v3-0-0\"><iframe loading=\"lazy\"  style=\"display: block; margin: 0px auto;\"  id=\"_ytid_32960\"  width=\"980\" height=\"563\"  data-origwidth=\"980\" data-origheight=\"563\" src=\"https:\/\/www.youtube.com\/embed\/C_toOzYU5dM?enablejsapi=1&autoplay=0&cc_load_policy=0&cc_lang_pref=&iv_load_policy=3&loop=0&rel=0&fs=1&playsinline=0&autohide=2&theme=dark&color=red&controls=1&disablekb=0&\" class=\"__youtube_prefs__  no-lazyload\" title=\"YouTube player\"  allow=\"fullscreen; accelerometer; autoplay; clipboard-write; encrypted-media; gyroscope; picture-in-picture; web-share\" referrerpolicy=\"strict-origin-when-cross-origin\" allowfullscreen data-no-lazy=\"1\" data-skipgform_ajax_framebjll=\"\"><\/iframe><\/div>\n<div class=\"_1mf _1mj\" data-offset-key=\"fq3v3-0-0\"><\/div>\n<\/div>\n<div data-offset-key=\"5evfi-0-0\"><span style=\"color: #ffffff;\">RE<\/span><\/div>\n<div data-offset-key=\"5evfi-0-0\">\n<p><strong>\u201cREFORESTA: Bosques frente al cambio clim\u00e1tico\u201d<\/strong> es el proyecto de la Asociaci\u00f3n Cultural Bosques de Cantabria para crear nuevos bosques que act\u00faen como sumideros de CO2 que puedan ser inscritos en el Registro de huella de carbono, compensaci\u00f3n y proyectos de absorci\u00f3n de di\u00f3xido de carbono del Ministerio para la transici\u00f3n ecol\u00f3gica y el reto demogr\u00e1fico.<\/p>\n<p>De esta manera, adem\u00e1s de recuperar nuestra masa forestal perdida y el paisaje y biodiversidad asociados a ella, conseguimos un reconocimiento oficial de los derechos de absorciones de CO2 generados por las plantaci\u00f3n que realizamos, los cuales pueden ser transmitidos a empresas u otras organizaciones que quieran COMPENSAR su huella de carbono y obtener as\u00ed el sello del Ministerio que acredita su compromiso frente al cambio clim\u00e1tico. De esta manera, REFORESTA supone una excelente oportunidad para cualquier organizaci\u00f3n que quiera compensar sus emisiones de CO2.<\/p>\n<p>REFORESTA es un proyecto que cuenta con el apoyo del Gobierno de Cantabria a trav\u00e9s del Centro de Investigaci\u00f3n del Medio Ambiente (CIMA) de la Consejer\u00eda de Desarrollo Rural, Ganader\u00eda, Pesca, Alimentaci\u00f3n y Medio Ambiente.<\/p>\n<p>Para el desarrollo de REFORESTA la Asociaci\u00f3n Cultural Bosques de Cantabria ha suscrito Acuerdos de Custodia del Territorio con algunos ayuntamientos de Cantabria en cuyos terrenos municipales ya se han empezado a realizar plantaciones de \u00e1rboles aut\u00f3ctonos cumpliendo los requisitos del Ministerio para poder ser inscritos como proyectos de absorci\u00f3n en el mencionado Registro, como es el caso de los ayuntamientos de Ramales de la Victoria y Liendo.<\/p>\n<\/div>\n<div data-offset-key=\"5evfi-0-0\"><span style=\"color: #ffffff;\">RE<\/span><\/div>\n<h2 data-offset-key=\"5evfi-0-0\"><em><span style=\"color: #008000;\">Si quieres informaci\u00f3n de la evoluci\u00f3n y \u00faltimas novedades del programa, puedes descargarte nuestras Newsletters desde los siguientes enlaces:<\/span><\/em><\/h2>\n<p>&nbsp;<\/p>\n<div>\n<div id=\"attachment_1164\" style=\"width: 222px\" class=\"wp-caption alignleft\"><a href=\"https:\/\/bosquesdecantabria.org\/wordpress\/wp-content\/uploads\/2022\/02\/Newsletter-no1-Diciembre-2020-red.pdf\" target=\"_blank\" rel=\"noopener\"><img data-recalc-dims=\"1\" loading=\"lazy\" decoding=\"async\" aria-describedby=\"caption-attachment-1164\" class=\"wp-image-1164 size-medium\" src=\"https:\/\/i0.wp.com\/bosquesdecantabria.org\/wordpress\/wp-content\/uploads\/2022\/02\/Newsletter-no1-Diciembre-2020-red_Pa%CC%81gina_01.jpg?resize=212%2C300&#038;ssl=1\" alt=\"\" width=\"212\" height=\"300\" srcset=\"https:\/\/i0.wp.com\/bosquesdecantabria.org\/wordpress\/wp-content\/uploads\/2022\/02\/Newsletter-no1-Diciembre-2020-red_Pa%CC%81gina_01.jpg?resize=212%2C300&amp;ssl=1 212w, https:\/\/i0.wp.com\/bosquesdecantabria.org\/wordpress\/wp-content\/uploads\/2022\/02\/Newsletter-no1-Diciembre-2020-red_Pa%CC%81gina_01.jpg?resize=724%2C1024&amp;ssl=1 724w, https:\/\/i0.wp.com\/bosquesdecantabria.org\/wordpress\/wp-content\/uploads\/2022\/02\/Newsletter-no1-Diciembre-2020-red_Pa%CC%81gina_01.jpg?resize=768%2C1086&amp;ssl=1 768w, https:\/\/i0.wp.com\/bosquesdecantabria.org\/wordpress\/wp-content\/uploads\/2022\/02\/Newsletter-no1-Diciembre-2020-red_Pa%CC%81gina_01.jpg?resize=1086%2C1536&amp;ssl=1 1086w, https:\/\/i0.wp.com\/bosquesdecantabria.org\/wordpress\/wp-content\/uploads\/2022\/02\/Newsletter-no1-Diciembre-2020-red_Pa%CC%81gina_01.jpg?resize=1448%2C2048&amp;ssl=1 1448w, https:\/\/i0.wp.com\/bosquesdecantabria.org\/wordpress\/wp-content\/uploads\/2022\/02\/Newsletter-no1-Diciembre-2020-red_Pa%CC%81gina_01.jpg?resize=980%2C1386&amp;ssl=1 980w, https:\/\/i0.wp.com\/bosquesdecantabria.org\/wordpress\/wp-content\/uploads\/2022\/02\/Newsletter-no1-Diciembre-2020-red_Pa%CC%81gina_01.jpg?resize=550%2C778&amp;ssl=1 550w, https:\/\/i0.wp.com\/bosquesdecantabria.org\/wordpress\/wp-content\/uploads\/2022\/02\/Newsletter-no1-Diciembre-2020-red_Pa%CC%81gina_01.jpg?w=1655&amp;ssl=1 1655w\" sizes=\"auto, (max-width: 212px) 100vw, 212px\" \/><\/a><p id=\"caption-attachment-1164\" class=\"wp-caption-text\">Newsletter N\u00ba1 &#8211; Diciembre 2020<\/p><\/div>\n<div id=\"attachment_1166\" style=\"width: 222px\" class=\"wp-caption alignleft\"><a href=\"https:\/\/bosquesdecantabria.org\/wordpress\/wp-content\/uploads\/2022\/02\/Newsletter-2021-Bosques-de-Cantabria.pdf\" target=\"_blank\" rel=\"noopener\"><img data-recalc-dims=\"1\" loading=\"lazy\" decoding=\"async\" aria-describedby=\"caption-attachment-1166\" class=\"wp-image-1166 size-medium\" src=\"https:\/\/i0.wp.com\/bosquesdecantabria.org\/wordpress\/wp-content\/uploads\/2022\/02\/01-CRECE-REFORESTA.jpg?resize=212%2C300&#038;ssl=1\" alt=\"\" width=\"212\" height=\"300\" srcset=\"https:\/\/i0.wp.com\/bosquesdecantabria.org\/wordpress\/wp-content\/uploads\/2022\/02\/01-CRECE-REFORESTA.jpg?resize=212%2C300&amp;ssl=1 212w, https:\/\/i0.wp.com\/bosquesdecantabria.org\/wordpress\/wp-content\/uploads\/2022\/02\/01-CRECE-REFORESTA.jpg?resize=724%2C1024&amp;ssl=1 724w, https:\/\/i0.wp.com\/bosquesdecantabria.org\/wordpress\/wp-content\/uploads\/2022\/02\/01-CRECE-REFORESTA.jpg?resize=768%2C1086&amp;ssl=1 768w, https:\/\/i0.wp.com\/bosquesdecantabria.org\/wordpress\/wp-content\/uploads\/2022\/02\/01-CRECE-REFORESTA.jpg?resize=1086%2C1536&amp;ssl=1 1086w, https:\/\/i0.wp.com\/bosquesdecantabria.org\/wordpress\/wp-content\/uploads\/2022\/02\/01-CRECE-REFORESTA.jpg?resize=980%2C1386&amp;ssl=1 980w, https:\/\/i0.wp.com\/bosquesdecantabria.org\/wordpress\/wp-content\/uploads\/2022\/02\/01-CRECE-REFORESTA.jpg?resize=550%2C778&amp;ssl=1 550w, https:\/\/i0.wp.com\/bosquesdecantabria.org\/wordpress\/wp-content\/uploads\/2022\/02\/01-CRECE-REFORESTA.jpg?w=1414&amp;ssl=1 1414w\" sizes=\"auto, (max-width: 212px) 100vw, 212px\" \/><\/a><p id=\"caption-attachment-1166\" class=\"wp-caption-text\">Newsletter N\u00ba2 &#8211; Diciembre 2021<\/p><\/div>\n<div id=\"attachment_1166\" style=\"width: 222px\" class=\"wp-caption alignleft\"><a href=\"https:\/\/bosquesdecantabria.org\/wordpress\/wp-content\/uploads\/2023\/02\/Newsletter-no3-2022-.pdf\" target=\"_blank\" rel=\"noopener\"><img data-recalc-dims=\"1\" loading=\"lazy\" decoding=\"async\" aria-describedby=\"caption-attachment-1166\" class=\"wp-image-1166 size-medium\" src=\"https:\/\/i0.wp.com\/bosquesdecantabria.org\/wordpress\/wp-content\/uploads\/2022\/12\/reforesta-newletter-2022-cartel-scaled.jpg?resize=212%2C300&#038;ssl=1\" alt=\"\" width=\"212\" height=\"300\" \/><\/a><p id=\"caption-attachment-1166\" class=\"wp-caption-text\">Newsletter N\u00ba3 &#8211; Diciembre 2022<\/p><\/div>\n<div id=\"attachment_1166\" style=\"width: 222px\" class=\"wp-caption alignleft\"><a href=\"https:\/\/bosquesdecantabria.org\/wordpress\/wp-content\/uploads\/2023\/12\/Newsletter-2023-BOSQUES-DE-CANTABRIA.pdf\" target=\"_blank\" rel=\"noopener\"><img data-recalc-dims=\"1\" loading=\"lazy\" decoding=\"async\" aria-describedby=\"caption-attachment-1166\" class=\"wp-image-1166 size-medium\" src=\"https:\/\/i0.wp.com\/bosquesdecantabria.org\/wordpress\/wp-content\/uploads\/2023\/12\/Paginas-desdeNewsletter-2023-OPT-RED.jpg?resize=212%2C300&#038;ssl=1\" alt=\"\" width=\"212\" height=\"300\" \/><\/a><p id=\"caption-attachment-1166\" class=\"wp-caption-text\">Newsletter N\u00ba4 &#8211; Diciembre 2023<\/p><\/div>\n<div id=\"attachment_1166\" style=\"width: 222px\" class=\"wp-caption alignleft\"><a href=\"https:\/\/bosquesdecantabria.org\/wordpress\/wp-content\/uploads\/2024\/12\/Newsletter-2024.pdf\" target=\"_blank\" rel=\"noopener\"><img data-recalc-dims=\"1\" loading=\"lazy\" decoding=\"async\" aria-describedby=\"caption-attachment-1166\" class=\"wp-image-1166 size-medium\" src=\"https:\/\/i0.wp.com\/bosquesdecantabria.org\/wordpress\/wp-content\/uploads\/2024\/12\/Newsletter-2024-1.jpg?resize=212%2C300&#038;ssl=1\" alt=\"\" width=\"212\" height=\"300\" \/><\/a><p id=\"caption-attachment-1166\" class=\"wp-caption-text\">Newsletter N\u00ba5 &#8211; Diciembre 2024<\/p><\/div>\n<div id=\"attachment_1166\" style=\"width: 222px\" class=\"wp-caption alignleft\"><a href=\"https:\/\/bosquesdecantabria.org\/wordpress\/wp-content\/uploads\/2025\/12\/Newsletter-2025.pdf\" target=\"_blank\" rel=\"noopener\"><img data-recalc-dims=\"1\" loading=\"lazy\" decoding=\"async\" aria-describedby=\"caption-attachment-1166\" class=\"wp-image-1166 size-medium\" src=\"https:\/\/i0.wp.com\/bosquesdecantabria.org\/wordpress\/wp-content\/uploads\/2025\/12\/Portada-reforesta-2025.jpg?resize=212%2C300&#038;ssl=1\" alt=\"\" width=\"212\" height=\"300\" \/><\/a><p id=\"caption-attachment-1166\" class=\"wp-caption-text\">Newsletter N\u00ba6 &#8211; Diciembre 2025<\/p><\/div>\n<\/div>\n<div><iframe loading=\"lazy\"  style=\"display: block; margin: 0px auto;\"  id=\"_ytid_73405\"  width=\"980\" height=\"563\"  data-origwidth=\"980\" data-origheight=\"563\" src=\"https:\/\/www.youtube.com\/embed\/XJk23S9IVuI?enablejsapi=1&autoplay=0&cc_load_policy=0&cc_lang_pref=&iv_load_policy=3&loop=0&rel=0&fs=1&playsinline=0&autohide=2&theme=dark&color=red&controls=1&disablekb=0&\" class=\"__youtube_prefs__  no-lazyload\" title=\"YouTube player\"  allow=\"fullscreen; accelerometer; autoplay; clipboard-write; encrypted-media; gyroscope; picture-in-picture; web-share\" referrerpolicy=\"strict-origin-when-cross-origin\" allowfullscreen data-no-lazy=\"1\" data-skipgform_ajax_framebjll=\"\"><\/iframe><\/div>\n<p>&nbsp;<\/p>\n<div><iframe loading=\"lazy\"  style=\"display: block; margin: 0px auto;\"  id=\"_ytid_60622\"  width=\"980\" height=\"563\"  data-origwidth=\"980\" data-origheight=\"563\" src=\"https:\/\/www.youtube.com\/embed\/_8VKhYZNIFY?enablejsapi=1&autoplay=0&cc_load_policy=0&cc_lang_pref=&iv_load_policy=3&loop=0&rel=0&fs=1&playsinline=0&autohide=2&theme=dark&color=red&controls=1&disablekb=0&\" class=\"__youtube_prefs__  no-lazyload\" title=\"YouTube player\"  allow=\"fullscreen; accelerometer; autoplay; clipboard-write; encrypted-media; gyroscope; picture-in-picture; web-share\" referrerpolicy=\"strict-origin-when-cross-origin\" allowfullscreen data-no-lazy=\"1\" data-skipgform_ajax_framebjll=\"\"><\/iframe><\/div>\n<p>&nbsp;<\/p>\n<div><iframe loading=\"lazy\"  style=\"display: block; margin: 0px auto;\"  id=\"_ytid_91678\"  width=\"980\" height=\"563\"  data-origwidth=\"980\" data-origheight=\"563\" src=\"https:\/\/www.youtube.com\/embed\/SK6LDFFUUQY?enablejsapi=1&autoplay=0&cc_load_policy=0&cc_lang_pref=&iv_load_policy=3&loop=0&rel=0&fs=1&playsinline=0&autohide=2&theme=dark&color=red&controls=1&disablekb=0&\" class=\"__youtube_prefs__  no-lazyload\" title=\"YouTube player\"  allow=\"fullscreen; accelerometer; autoplay; clipboard-write; encrypted-media; gyroscope; picture-in-picture; web-share\" referrerpolicy=\"strict-origin-when-cross-origin\" allowfullscreen data-no-lazy=\"1\" data-skipgform_ajax_framebjll=\"\"><\/iframe><\/div>\n<p>&nbsp;<\/p>\n<div><iframe loading=\"lazy\"  style=\"display: block; margin: 0px auto;\"  id=\"_ytid_96160\"  width=\"980\" height=\"563\"  data-origwidth=\"980\" data-origheight=\"563\" src=\"https:\/\/www.youtube.com\/embed\/Nb1rtsFpoZA?enablejsapi=1&autoplay=0&cc_load_policy=0&cc_lang_pref=&iv_load_policy=3&loop=0&rel=0&fs=1&playsinline=0&autohide=2&theme=dark&color=red&controls=1&disablekb=0&\" class=\"__youtube_prefs__  no-lazyload\" title=\"YouTube player\"  allow=\"fullscreen; accelerometer; autoplay; clipboard-write; encrypted-media; gyroscope; picture-in-picture; web-share\" referrerpolicy=\"strict-origin-when-cross-origin\" allowfullscreen data-no-lazy=\"1\" data-skipgform_ajax_framebjll=\"\"><\/iframe><\/div>\n<p>&nbsp;<\/p>\n<div><iframe loading=\"lazy\"  style=\"display: block; margin: 0px auto;\"  id=\"_ytid_62890\"  width=\"980\" height=\"563\"  data-origwidth=\"980\" data-origheight=\"563\" src=\"https:\/\/www.youtube.com\/embed\/3uwB24UWTIM?enablejsapi=1&autoplay=0&cc_load_policy=0&cc_lang_pref=&iv_load_policy=3&loop=0&rel=0&fs=1&playsinline=0&autohide=2&theme=dark&color=red&controls=1&disablekb=0&\" class=\"__youtube_prefs__  no-lazyload\" title=\"YouTube player\"  allow=\"fullscreen; accelerometer; autoplay; clipboard-write; encrypted-media; gyroscope; picture-in-picture; web-share\" referrerpolicy=\"strict-origin-when-cross-origin\" allowfullscreen data-no-lazy=\"1\" data-skipgform_ajax_framebjll=\"\"><\/iframe><\/div>\n<p>&nbsp;<\/p>\n<div><iframe loading=\"lazy\"  style=\"display: block; margin: 0px auto;\"  id=\"_ytid_53402\"  width=\"980\" height=\"563\"  data-origwidth=\"980\" data-origheight=\"563\" src=\"https:\/\/www.youtube.com\/embed\/W2kqdqbORRA?enablejsapi=1&autoplay=0&cc_load_policy=0&cc_lang_pref=&iv_load_policy=3&loop=0&rel=0&fs=1&playsinline=0&autohide=2&theme=dark&color=red&controls=1&disablekb=0&\" class=\"__youtube_prefs__  no-lazyload\" title=\"YouTube player\"  allow=\"fullscreen; accelerometer; autoplay; clipboard-write; encrypted-media; gyroscope; picture-in-picture; web-share\" referrerpolicy=\"strict-origin-when-cross-origin\" allowfullscreen data-no-lazy=\"1\" data-skipgform_ajax_framebjll=\"\"><\/iframe><\/div>\n<p>&nbsp;<\/p>\n<div><iframe loading=\"lazy\"  style=\"display: block; margin: 0px auto;\"  id=\"_ytid_51693\"  width=\"980\" height=\"563\"  data-origwidth=\"980\" data-origheight=\"563\" src=\"https:\/\/www.youtube.com\/embed\/TnHF_Y03of4?enablejsapi=1&autoplay=0&cc_load_policy=0&cc_lang_pref=&iv_load_policy=3&loop=0&rel=0&fs=1&playsinline=0&autohide=2&theme=dark&color=red&controls=1&disablekb=0&\" class=\"__youtube_prefs__  no-lazyload\" title=\"YouTube player\"  allow=\"fullscreen; accelerometer; autoplay; clipboard-write; encrypted-media; gyroscope; picture-in-picture; web-share\" referrerpolicy=\"strict-origin-when-cross-origin\" allowfullscreen data-no-lazy=\"1\" data-skipgform_ajax_framebjll=\"\"><\/iframe><\/div>\n<p>&nbsp;<\/p>\n<div><iframe loading=\"lazy\"  style=\"display: block; margin: 0px auto;\"  id=\"_ytid_92481\"  width=\"980\" height=\"563\"  data-origwidth=\"980\" data-origheight=\"563\" src=\"https:\/\/www.youtube.com\/embed\/itVhHn6B3a4?enablejsapi=1&autoplay=0&cc_load_policy=0&cc_lang_pref=&iv_load_policy=3&loop=0&rel=0&fs=1&playsinline=0&autohide=2&theme=dark&color=red&controls=1&disablekb=0&\" class=\"__youtube_prefs__  no-lazyload\" title=\"YouTube player\"  allow=\"fullscreen; accelerometer; autoplay; clipboard-write; encrypted-media; gyroscope; picture-in-picture; web-share\" referrerpolicy=\"strict-origin-when-cross-origin\" allowfullscreen data-no-lazy=\"1\" data-skipgform_ajax_framebjll=\"\"><\/iframe><\/div>\n<p>&nbsp;<\/p>\n<div><iframe loading=\"lazy\"  style=\"display: block; margin: 0px auto;\"  id=\"_ytid_94881\"  width=\"980\" height=\"563\"  data-origwidth=\"980\" data-origheight=\"563\" src=\"https:\/\/www.youtube.com\/embed\/ImeI1BnqHNs?enablejsapi=1&autoplay=0&cc_load_policy=0&cc_lang_pref=&iv_load_policy=3&loop=0&rel=0&fs=1&playsinline=0&autohide=2&theme=dark&color=red&controls=1&disablekb=0&\" class=\"__youtube_prefs__  no-lazyload\" title=\"YouTube player\"  allow=\"fullscreen; accelerometer; autoplay; clipboard-write; encrypted-media; gyroscope; picture-in-picture; web-share\" referrerpolicy=\"strict-origin-when-cross-origin\" allowfullscreen data-no-lazy=\"1\" data-skipgform_ajax_framebjll=\"\"><\/iframe><\/div>\n<p>&nbsp;<\/p>\n<div><\/div>\n<div><\/div>\n<div><iframe loading=\"lazy\"  style=\"display: block; margin: 0px auto;\"  id=\"_ytid_94773\"  width=\"980\" height=\"563\"  data-origwidth=\"980\" data-origheight=\"563\" src=\"https:\/\/www.youtube.com\/embed\/UIttjsqWvIM?enablejsapi=1&autoplay=0&cc_load_policy=0&cc_lang_pref=&iv_load_policy=3&loop=0&rel=0&fs=1&playsinline=0&autohide=2&theme=dark&color=red&controls=1&disablekb=0&\" class=\"__youtube_prefs__  no-lazyload\" title=\"YouTube player\"  allow=\"fullscreen; accelerometer; autoplay; clipboard-write; encrypted-media; gyroscope; picture-in-picture; web-share\" referrerpolicy=\"strict-origin-when-cross-origin\" allowfullscreen data-no-lazy=\"1\" data-skipgform_ajax_framebjll=\"\"><\/iframe><\/div>\n","protected":false},"excerpt":{"rendered":"<p>RE \u201cREFORESTA: Bosques frente al cambio clim\u00e1tico\u201d es el proyecto de la Asociaci\u00f3n Cultural Bosques de Cantabria para crear nuevos bosques que act\u00faen como sumideros de CO2 que puedan ser inscritos en el Registro de huella de carbono, compensaci\u00f3n y&#8230;<\/p>\n","protected":false},"author":1,"featured_media":1130,"parent":0,"menu_order":0,"comment_status":"closed","ping_status":"closed","template":"template-fullwidth.php","meta":{"advanced_seo_description":"","jetpack_seo_html_title":"","jetpack_seo_noindex":false,"jetpack_post_was_ever_published":false,"footnotes":""},"class_list":["post-977","page","type-page","status-publish","has-post-thumbnail","hentry"],"jetpack-related-posts":[],"jetpack_likes_enabled":true,"jetpack_sharing_enabled":true,"_links":{"self":[{"href":"https:\/\/bosquesdecantabria.org\/wordpress\/wp-json\/wp\/v2\/pages\/977","targetHints":{"allow":["GET"]}}],"collection":[{"href":"https:\/\/bosquesdecantabria.org\/wordpress\/wp-json\/wp\/v2\/pages"}],"about":[{"href":"https:\/\/bosquesdecantabria.org\/wordpress\/wp-json\/wp\/v2\/types\/page"}],"author":[{"embeddable":true,"href":"https:\/\/bosquesdecantabria.org\/wordpress\/wp-json\/wp\/v2\/users\/1"}],"replies":[{"embeddable":true,"href":"https:\/\/bosquesdecantabria.org\/wordpress\/wp-json\/wp\/v2\/comments?post=977"}],"version-history":[{"count":54,"href":"https:\/\/bosquesdecantabria.org\/wordpress\/wp-json\/wp\/v2\/pages\/977\/revisions"}],"predecessor-version":[{"id":1653,"href":"https:\/\/bosquesdecantabria.org\/wordpress\/wp-json\/wp\/v2\/pages\/977\/revisions\/1653"}],"wp:featuredmedia":[{"embeddable":true,"href":"https:\/\/bosquesdecantabria.org\/wordpress\/wp-json\/wp\/v2\/media\/1130"}],"wp:attachment":[{"href":"https:\/\/bosquesdecantabria.org\/wordpress\/wp-json\/wp\/v2\/media?parent=977"}],"curies":[{"name":"wp","href":"https:\/\/api.w.org\/{rel}","templated":true}]}}